{"id":1174,"date":"2024-10-01T10:12:40","date_gmt":"2024-10-01T13:12:40","guid":{"rendered":"https:\/\/vinosycosas.com\/?page_id=1174"},"modified":"2026-04-01T11:36:52","modified_gmt":"2026-04-01T14:36:52","slug":"ofertas-2","status":"publish","type":"page","link":"https:\/\/vinosycosas.com\/index.php\/ofertas-2\/","title":{"rendered":"Ofertas"},"content":{"rendered":"<figure class=\"wp-block-image alignfull size-full\"><img loading=\"lazy\" decoding=\"async\" width=\"1000\" height=\"304\" src=\"http:\/\/vinosycosas.com\/wp-content\/uploads\/2024\/09\/Ofertas.png\" alt=\"\" class=\"wp-image-1173\" srcset=\"https:\/\/vinosycosas.com\/wp-content\/uploads\/2024\/09\/Ofertas.png 1000w, https:\/\/vinosycosas.com\/wp-content\/uploads\/2024\/09\/Ofertas-300x91.png 300w, https:\/\/vinosycosas.com\/wp-content\/uploads\/2024\/09\/Ofertas-768x233.png 768w, https:\/\/vinosycosas.com\/wp-content\/uploads\/2024\/09\/Ofertas-600x182.png 600w\" sizes=\"(max-width: 1000px) 100vw, 1000px\" \/><\/figure><hr class=\"wp-block-separator alignwide has-alpha-channel-opacity\"\/><div class=\"wp-block-stackable-heading alignfull stk-block-heading stk-block-heading--v2 stk-block stk-772324a\" id=\"span-style-color-var-theme-palette-color-2-71363-e-class-stk-highlight-abril-2026-span\" data-block-id=\"772324a\"><h2 class=\"stk-block-heading__text has-text-align-center\"><span style=\"color: var(--theme-palette-color-2, #71363e);\" class=\"stk-highlight\">ABRIL2026<\/span><\/h2><\/div><div class=\"wp-block-stackable-spacer alignfull stk-block-spacer stk--no-padding stk-block stk-afe886b\" data-block-id=\"afe886b\"><style>.stk-afe886b {height:0px !important;}<\/style><\/div><div style=\"background-color: #cc9d32; height: 50px;     \"  class=\"alignfull size-full\" ><\/div><figure class=\"wp-block-table alignfull\"><table class=\"has-fixed-layout\"><tbody><tr><td><\/td><td><strong>LISTA<\/strong><\/td><td><strong>SOCIO<\/strong><\/td><\/tr><tr><td>PERRO CALLEJERO CABERNET SAUVIGNON<\/td><td>$6.500<\/td><td>$5.800<\/td><\/tr><tr><td>IRIS<\/td><td>$9.000<\/td><td>$8.000<\/td><\/tr><tr><td>GAUCHEZCO ESTATE CABERENET<\/td><td>$9.500<\/td><td>$8.500<\/td><\/tr><tr><td>RESERVA DE LOS ANDES SYNERGY<\/td><td>$10.500<\/td><td>$9.000<\/td><\/tr><tr><td>VIEJO ISAIAS<\/td><td>$9.800<\/td><td>$9.000<\/td><\/tr><tr><td>TILIMUQUI<\/td><td>$9.900<\/td><td>$9.000<\/td><\/tr><tr><td>ESCORIHUELA GASC\u00d3N<\/td><td>$9.500<\/td><td>$9.000<\/td><\/tr><tr><td>ACORDE\u00d3N<\/td><td>$11.000<\/td><td>$10.000<\/td><\/tr><tr><td><\/td><td><\/td><td><\/td><\/tr><tr><td><\/td><td><strong>NUESTROS BLANCOS<\/strong><\/td><td><\/td><\/tr><tr><td>RESERVA DE LOS ANDES CHARDONNAY<\/td><td>$3.500<\/td><td>$3.000<\/td><\/tr><tr><td>ACORDE\u00d3N CHARDONNAY<\/td><td>$11.000<\/td><td>$9.500<\/td><\/tr><tr><td>LORCA PO\u00c9TICO WHITE BLEND<\/td><td>$14.000<\/td><td>$11.000<\/td><\/tr><tr><td><\/td><td><\/td><td><\/td><\/tr><tr><td><\/td><td><strong>NUESTROS ROSADOS<\/strong><\/td><td><\/td><\/tr><tr><td>NIETO SENETINER ROSADO<\/td><td>$7.400<\/td><td>$6.500<\/td><\/tr><tr><td>CAPTURA<\/td><td>$5.000<\/td><td>$3.000<\/td><\/tr><tr><td>VUEL\u00c0<\/td><td>$9.800<\/td><td>$8.000<\/td><\/tr><tr><td><\/td><td><\/td><td><\/td><\/tr><tr><td><\/td><td><strong>ALTA GAMA<\/strong><\/td><td><\/td><\/tr><tr><td>ALMA NEGRA<\/td><td>$33.500<\/td><td>$30.000<\/td><\/tr><tr><td>VIEJO ISAIAS ELEGIDO<\/td><td>$33.000<\/td><td>$30.000<\/td><\/tr><tr><td>GAUCHEZCO ORO<\/td><td>$33.000<\/td><td>$30.000<\/td><\/tr><tr><td><\/td><td><\/td><td><\/td><\/tr><\/tbody><\/table><\/figure><div style=\"background-color: #cc9d32; height: 50px;     \"  class=\"alignfull size-full\" ><\/div><p><\/p>","protected":false},"excerpt":{"rendered":"<p>ABRIL2026 LISTA SOCIO PERRO CALLEJERO CABERNET SAUVIGNON $6.500 $5.800 IRIS $9.000 $8.000 GAUCHEZCO ESTATE CABERENET $9.500 $8.500 RESERVA DE LOS ANDES SYNERGY $10.500 $9.000 VIEJO ISAIAS $9.800 $9.000 TILIMUQUI $9.900 $9.000 ESCORIHUELA GASC\u00d3N $9.500 $9.000 ACORDE\u00d3N $11.000 $10.000 NUESTROS BLANCOS RESERVA DE LOS ANDES CHARDONNAY $3.500 $3.000 ACORDE\u00d3N CHARDONNAY $11.000 $9.500 LORCA PO\u00c9TICO WHITE BLEND [&hellip;]<\/p>\n","protected":false},"author":9,"featured_media":0,"parent":0,"menu_order":0,"comment_status":"closed","ping_status":"closed","template":"","meta":{"footnotes":""},"class_list":["post-1174","page","type-page","status-publish","hentry"],"blocksy_meta":[],"_links":{"self":[{"href":"https:\/\/vinosycosas.com\/index.php\/wp-json\/wp\/v2\/pages\/1174"}],"collection":[{"href":"https:\/\/vinosycosas.com\/index.php\/wp-json\/wp\/v2\/pages"}],"about":[{"href":"https:\/\/vinosycosas.com\/index.php\/wp-json\/wp\/v2\/types\/page"}],"author":[{"embeddable":true,"href":"https:\/\/vinosycosas.com\/index.php\/wp-json\/wp\/v2\/users\/9"}],"replies":[{"embeddable":true,"href":"https:\/\/vinosycosas.com\/index.php\/wp-json\/wp\/v2\/comments?post=1174"}],"version-history":[{"count":30,"href":"https:\/\/vinosycosas.com\/index.php\/wp-json\/wp\/v2\/pages\/1174\/revisions"}],"predecessor-version":[{"id":1532,"href":"https:\/\/vinosycosas.com\/index.php\/wp-json\/wp\/v2\/pages\/1174\/revisions\/1532"}],"wp:attachment":[{"href":"https:\/\/vinosycosas.com\/index.php\/wp-json\/wp\/v2\/media?parent=1174"}],"curies":[{"name":"wp","href":"https:\/\/api.w.org\/{rel}","templated":true}]}}