{"id":628,"date":"2022-01-19T09:40:52","date_gmt":"2022-01-19T09:40:52","guid":{"rendered":"https:\/\/startersites.io\/stagingthree\/?page_id=628"},"modified":"2024-08-20T10:52:36","modified_gmt":"2024-08-20T13:52:36","slug":"about-us","status":"publish","type":"page","link":"https:\/\/vinosycosas.com\/index.php\/about-us\/","title":{"rendered":"Quienes somos?"},"content":{"rendered":"<figure class=\"wp-block-image alignfull size-large\"><img loading=\"lazy\" decoding=\"async\" width=\"1024\" height=\"350\" src=\"https:\/\/vinosycosas.com\/wp-content\/uploads\/2024\/08\/Diseno-sin-titulo-1-1024x350.png\" alt=\"\" class=\"wp-image-935\" srcset=\"https:\/\/vinosycosas.com\/wp-content\/uploads\/2024\/08\/Diseno-sin-titulo-1-1024x350.png 1024w, https:\/\/vinosycosas.com\/wp-content\/uploads\/2024\/08\/Diseno-sin-titulo-1-300x102.png 300w, https:\/\/vinosycosas.com\/wp-content\/uploads\/2024\/08\/Diseno-sin-titulo-1-768x262.png 768w, https:\/\/vinosycosas.com\/wp-content\/uploads\/2024\/08\/Diseno-sin-titulo-1-600x205.png 600w, https:\/\/vinosycosas.com\/wp-content\/uploads\/2024\/08\/Diseno-sin-titulo-1.png 1500w\" sizes=\"(max-width: 1024px) 100vw, 1024px\" \/><\/figure><div class=\"wp-block-stackable-spacer stk-block-spacer stk--no-padding stk-block stk-c003d22\" data-block-id=\"c003d22\"><style>.stk-c003d22{height:50px !important}@media screen and (max-width:689px){.stk-c003d22{height:20px !important}}<\/style><\/div><div class=\"wp-block-stackable-heading stk-block-heading stk-block-heading--v2 stk-block stk-cc405c3\" id=\"vinos-amp-cosas\" data-block-id=\"cc405c3\"><style>@media screen and (max-width:689px){.stk-cc405c3 .stk-block-heading__text{font-size:25px !important}}<\/style><h2 class=\"stk-block-heading__text has-text-align-center-mobile\">Vinos &amp; Cosas<\/h2><\/div><div class=\"wp-block-stackable-columns stk-block-columns stk-block stk-e9fb440\" data-block-id=\"e9fb440\"><style>.stk-e9fb440{margin-bottom:0px !important}.stk-e9fb440-column{--stk-column-gap:30px !important}@media screen and (max-width:689px){.stk-e9fb440-column{row-gap:50px !important}}<\/style><div class=\"stk-row stk-inner-blocks stk-block-content stk-content-align stk-e9fb440-column\"><div class=\"wp-block-stackable-column stk-block-column stk-column stk-block stk-3d0787d\" data-v=\"4\" data-block-id=\"3d0787d\"><style>.stk-3d0787d-container{margin-top:0px !important;margin-right:0px !important;margin-bottom:0px !important;margin-left:0px !important}<\/style><div class=\"stk-column-wrapper stk-block-column__content stk-container stk-3d0787d-container stk--no-background stk--no-padding\"><div class=\"stk-block-content stk-inner-blocks stk-3d0787d-inner-blocks\"><div class=\"wp-block-stackable-text stk-block-text stk-block stk-d22a686\" data-block-id=\"d22a686\"><p class=\"stk-block-text__text has-text-align-justify has-text-align-center-mobile\"><strong>\u00a1Bienvenidos a la Vinoteca Vinos y Cosas, la tienda de vinos m\u00e1s grande y antigua de la Ciudad de Santo Tom\u00e9!<\/strong><br>En nuestro establecimiento, llevamos m\u00e1s de 20 a\u00f1os ofreciendo una cuidadosa selecci\u00f3n de vinos de las m\u00e1s prestigiosas bodegas del pa\u00eds y del mundo. Nuestro compromiso con la calidad nos ha permitido convertirnos en el lugar de referencia para los amantes del vino en esta ciudad.<br>Nuestra amplia bodega alberga una incre\u00edble variedad de vinos tintos, blancos y rosados, as\u00ed como tambi\u00e9n espumosos y destilados. Trabajamos directamente con los productores para asegurarnos de ofrecer productos frescos y de la m\u00e1s alta calidad. Desde los vinos m\u00e1s reconocidos hasta los tesoros ocultos, tenemos opciones para todos los gustos y presupuestos.<br><\/p><\/div><\/div><\/div><\/div>\n\n<div class=\"wp-block-stackable-column stk-block-column stk-column stk-block stk-ec967e2\" data-v=\"4\" data-block-id=\"ec967e2\"><style>.stk-ec967e2-container{margin-top:0px !important;margin-right:0px !important;margin-bottom:0px !important;margin-left:0px !important}<\/style><div class=\"stk-column-wrapper stk-block-column__content stk-container stk-ec967e2-container stk--no-background stk--no-padding\"><div class=\"stk-block-content stk-inner-blocks stk-ec967e2-inner-blocks\"><div class=\"wp-block-stackable-text stk-block-text stk-block stk-9c24568\" data-block-id=\"9c24568\"><p class=\"stk-block-text__text has-text-align-justify has-text-align-center-mobile\">En la Vinoteca Vinos y Cosas no solo nos enorgullece nuestra selecci\u00f3n, sino tambi\u00e9n el conocimiento y la pasi\u00f3n que compartimos con nuestros clientes. Nuestro equipo de expertos en vinos est\u00e1 siempre dispuesto a brindar asesoramiento personalizado y recomendaciones para que encuentres el vino perfecto para cada ocasi\u00f3n. Adem\u00e1s, organizamos catas y eventos especiales para que puedas aprender y disfrutar de esta maravillosa bebida junto a otras personas apasionadas como t\u00fa.<br><strong>Nos preocupamos por ofrecerte una experiencia completa, por lo que tambi\u00e9n contamos con una secci\u00f3n de accesorios para vinos, donde podr\u00e1s encontrar desde copas y decantadores hasta sacacorchos y aireadores. Todo lo necesario para que puedas disfrutar de tu vino de la mejor manera posible.<\/strong><br>Te invitamos a explorar nuestra p\u00e1gina web, donde encontrar\u00e1s informaci\u00f3n detallada de nuestros productos, promociones y eventos futuros. Adem\u00e1s, podr\u00e1s realizar compras online y disfrutar de entregas r\u00e1pidas y seguras en la comodidad de tu hogar.<br><strong>Gracias por visitar la Vinoteca Vinos y Cosas. Estamos ansiosos de poder ayudarte a descubrir y disfrutar de los mejores vinos. \u00a1Salud!<\/strong><\/p><\/div><\/div><\/div><\/div><\/div><\/div><div class=\"wp-block-stackable-spacer stk-block-spacer stk--no-padding stk-block stk-0f07c80\" data-block-id=\"0f07c80\"><style>.stk-0f07c80{height:100px !important}@media screen and (max-width:999px){.stk-0f07c80{height:80px !important}}@media screen and (max-width:689px){.stk-0f07c80{height:50px !important}}<\/style><\/div><figure class=\"wp-block-image alignfull size-large\"><img loading=\"lazy\" decoding=\"async\" width=\"1024\" height=\"394\" src=\"https:\/\/vinosycosas.com\/wp-content\/uploads\/2024\/08\/Diseno-sin-titulo-2-1024x394.png\" alt=\"\" class=\"wp-image-936\" srcset=\"https:\/\/vinosycosas.com\/wp-content\/uploads\/2024\/08\/Diseno-sin-titulo-2-1024x394.png 1024w, https:\/\/vinosycosas.com\/wp-content\/uploads\/2024\/08\/Diseno-sin-titulo-2-300x115.png 300w, https:\/\/vinosycosas.com\/wp-content\/uploads\/2024\/08\/Diseno-sin-titulo-2-768x295.png 768w, https:\/\/vinosycosas.com\/wp-content\/uploads\/2024\/08\/Diseno-sin-titulo-2-600x231.png 600w, https:\/\/vinosycosas.com\/wp-content\/uploads\/2024\/08\/Diseno-sin-titulo-2.png 1300w\" sizes=\"(max-width: 1024px) 100vw, 1024px\" \/><\/figure><div class=\"wp-block-stackable-spacer stk-block-spacer stk--no-padding stk-block stk-3ec9e5f\" data-block-id=\"3ec9e5f\"><style>.stk-3ec9e5f{height:50px !important}<\/style><\/div><p><\/p>","protected":false},"excerpt":{"rendered":"<p>Vinos &amp; Cosas \u00a1Bienvenidos a la Vinoteca Vinos y Cosas, la tienda de vinos m\u00e1s grande y antigua de la Ciudad de Santo Tom\u00e9!En nuestro establecimiento, llevamos m\u00e1s de 20 a\u00f1os ofreciendo una cuidadosa selecci\u00f3n de vinos de las m\u00e1s prestigiosas bodegas del pa\u00eds y del mundo. Nuestro compromiso con la calidad nos ha permitido [&hellip;]<\/p>\n","protected":false},"author":9,"featured_media":0,"parent":0,"menu_order":0,"comment_status":"closed","ping_status":"closed","template":"","meta":{"footnotes":""},"class_list":["post-628","page","type-page","status-publish","hentry"],"blocksy_meta":{"styles_descriptor":{"styles":{"desktop":"","tablet":"","mobile":""},"google_fonts":[],"version":6}},"_links":{"self":[{"href":"https:\/\/vinosycosas.com\/index.php\/wp-json\/wp\/v2\/pages\/628"}],"collection":[{"href":"https:\/\/vinosycosas.com\/index.php\/wp-json\/wp\/v2\/pages"}],"about":[{"href":"https:\/\/vinosycosas.com\/index.php\/wp-json\/wp\/v2\/types\/page"}],"author":[{"embeddable":true,"href":"https:\/\/vinosycosas.com\/index.php\/wp-json\/wp\/v2\/users\/9"}],"replies":[{"embeddable":true,"href":"https:\/\/vinosycosas.com\/index.php\/wp-json\/wp\/v2\/comments?post=628"}],"version-history":[{"count":5,"href":"https:\/\/vinosycosas.com\/index.php\/wp-json\/wp\/v2\/pages\/628\/revisions"}],"predecessor-version":[{"id":938,"href":"https:\/\/vinosycosas.com\/index.php\/wp-json\/wp\/v2\/pages\/628\/revisions\/938"}],"wp:attachment":[{"href":"https:\/\/vinosycosas.com\/index.php\/wp-json\/wp\/v2\/media?parent=628"}],"curies":[{"name":"wp","href":"https:\/\/api.w.org\/{rel}","templated":true}]}}