{"id":1027,"date":"2024-08-27T11:05:09","date_gmt":"2024-08-27T14:05:09","guid":{"rendered":"https:\/\/vinosycosas.com\/?post_type=product&#038;p=1027"},"modified":"2025-08-14T10:37:13","modified_gmt":"2025-08-14T13:37:13","slug":"pininas-okcidenta","status":"publish","type":"product","link":"https:\/\/vinosycosas.com\/index.php\/product\/pininas-okcidenta\/","title":{"rendered":"Pininas Okcidenta"},"content":{"rendered":"<p>Somos Okcidenta, te invitamos a conocer el resultado de nuestra exploraci\u00f3n por las fronteras de la cerveza artesanal. Desde nuestros inicios en 2017, liderados por los maestros cerveceros Marco Malaga y Marcelo Gil, nos hemos embarcado en un viaje de descubrimiento cervecero, a trav\u00e9s del cual hemos creado m\u00e1s de 40 estilos \u00fanicos que desaf\u00edan las convenciones y te transportan hacia una experiencia sensorial inigualable. Nuestra dedicaci\u00f3n se ve reflejada en los m\u00e1s de 50 premios y medallas nacionales e internacionales que hemos tenido el honor de recibir. En Okcidenta hacemos buenas birras y nos encanta!<\/p>\n","protected":false},"excerpt":{"rendered":"<p>Somos Okcidenta, te invitamos a conocer el resultado de nuestra exploraci\u00f3n por las fronteras de la cerveza artesanal. Desde nuestros inicios en 2017, liderados por los maestros cerveceros Marco Malaga y Marcelo Gil, nos hemos embarcado en un viaje de descubrimiento cervecero, a trav\u00e9s del cual hemos creado m\u00e1s de 40 estilos \u00fanicos que desaf\u00edan [&hellip;]<\/p>\n","protected":false},"featured_media":1035,"comment_status":"open","ping_status":"closed","template":"","meta":[],"product_brand":[],"product_cat":[54],"product_tag":[],"class_list":{"0":"post-1027","1":"product","2":"type-product","3":"status-publish","4":"has-post-thumbnail","6":"product_cat-cervezas","8":"first","9":"instock","10":"shipping-taxable","11":"purchasable","12":"product-type-variable"},"_links":{"self":[{"href":"https:\/\/vinosycosas.com\/index.php\/wp-json\/wp\/v2\/product\/1027"}],"collection":[{"href":"https:\/\/vinosycosas.com\/index.php\/wp-json\/wp\/v2\/product"}],"about":[{"href":"https:\/\/vinosycosas.com\/index.php\/wp-json\/wp\/v2\/types\/product"}],"replies":[{"embeddable":true,"href":"https:\/\/vinosycosas.com\/index.php\/wp-json\/wp\/v2\/comments?post=1027"}],"wp:featuredmedia":[{"embeddable":true,"href":"https:\/\/vinosycosas.com\/index.php\/wp-json\/wp\/v2\/media\/1035"}],"wp:attachment":[{"href":"https:\/\/vinosycosas.com\/index.php\/wp-json\/wp\/v2\/media?parent=1027"}],"wp:term":[{"taxonomy":"product_brand","embeddable":true,"href":"https:\/\/vinosycosas.com\/index.php\/wp-json\/wp\/v2\/product_brand?post=1027"},{"taxonomy":"product_cat","embeddable":true,"href":"https:\/\/vinosycosas.com\/index.php\/wp-json\/wp\/v2\/product_cat?post=1027"},{"taxonomy":"product_tag","embeddable":true,"href":"https:\/\/vinosycosas.com\/index.php\/wp-json\/wp\/v2\/product_tag?post=1027"}],"curies":[{"name":"wp","href":"https:\/\/api.w.org\/{rel}","templated":true}]}}