{"id":1065,"date":"2024-08-30T10:24:38","date_gmt":"2024-08-30T13:24:38","guid":{"rendered":"https:\/\/vinosycosas.com\/?post_type=product&#038;p=1065"},"modified":"2025-12-29T01:33:52","modified_gmt":"2025-12-29T04:33:52","slug":"acordeon","status":"publish","type":"product","link":"https:\/\/vinosycosas.com\/index.php\/product\/acordeon\/","title":{"rendered":"Acorde\u00f3n"},"content":{"rendered":"<p class=\"\">Finca Ferrer se encuentra en la prestigiosa y \u00fanica regi\u00f3n de Gualtallary en Tupungato, una subregi\u00f3n del Valle de Uco en la provincia de Mendoza, Argentina.<\/p>\n<p class=\"\">All\u00ed, en sus 317 hect\u00e1reas a m\u00e1s de 1300 metros de altura, da vida a exquisitos vinos de los varietales Malbec, Syrah, Pinot Noir, Tempranillo, Chardonnay y Torront\u00e9s plantados sobre un suelo arenoso y rocoso con base calc\u00e1rea, pobre en materias org\u00e1nicas.<\/p>\n<p class=\"\">Con un drenaje excepcional y la ayuda de los caracter\u00edsticos vientos, la planta se mantiene sana y fuerte desde su concepci\u00f3n. La amplitud t\u00e9rmica de 16 C con gran intensidad solar y bajas temperaturas nocturnas generan uvas de destacado color y aroma.<\/p>\n","protected":false},"excerpt":{"rendered":"<p>Finca Ferrer se encuentra en la prestigiosa y \u00fanica regi\u00f3n de Gualtallary en Tupungato, una subregi\u00f3n del Valle de Uco en la provincia de Mendoza, Argentina. All\u00ed, en sus 317 hect\u00e1reas a m\u00e1s de 1300 metros de altura, da vida a exquisitos vinos de los varietales Malbec, Syrah, Pinot Noir, Tempranillo, Chardonnay y Torront\u00e9s plantados [&hellip;]<\/p>\n","protected":false},"featured_media":1068,"comment_status":"open","ping_status":"closed","template":"","meta":[],"product_brand":[],"product_cat":[24],"product_tag":[],"class_list":{"0":"post-1065","1":"product","2":"type-product","3":"status-publish","4":"has-post-thumbnail","6":"product_cat-vinos","8":"first","9":"instock","10":"shipping-taxable","11":"purchasable","12":"product-type-variable"},"_links":{"self":[{"href":"https:\/\/vinosycosas.com\/index.php\/wp-json\/wp\/v2\/product\/1065"}],"collection":[{"href":"https:\/\/vinosycosas.com\/index.php\/wp-json\/wp\/v2\/product"}],"about":[{"href":"https:\/\/vinosycosas.com\/index.php\/wp-json\/wp\/v2\/types\/product"}],"replies":[{"embeddable":true,"href":"https:\/\/vinosycosas.com\/index.php\/wp-json\/wp\/v2\/comments?post=1065"}],"wp:featuredmedia":[{"embeddable":true,"href":"https:\/\/vinosycosas.com\/index.php\/wp-json\/wp\/v2\/media\/1068"}],"wp:attachment":[{"href":"https:\/\/vinosycosas.com\/index.php\/wp-json\/wp\/v2\/media?parent=1065"}],"wp:term":[{"taxonomy":"product_brand","embeddable":true,"href":"https:\/\/vinosycosas.com\/index.php\/wp-json\/wp\/v2\/product_brand?post=1065"},{"taxonomy":"product_cat","embeddable":true,"href":"https:\/\/vinosycosas.com\/index.php\/wp-json\/wp\/v2\/product_cat?post=1065"},{"taxonomy":"product_tag","embeddable":true,"href":"https:\/\/vinosycosas.com\/index.php\/wp-json\/wp\/v2\/product_tag?post=1065"}],"curies":[{"name":"wp","href":"https:\/\/api.w.org\/{rel}","templated":true}]}}