{"id":1090,"date":"2024-08-30T17:50:02","date_gmt":"2024-08-30T20:50:02","guid":{"rendered":"https:\/\/vinosycosas.com\/?post_type=product&#038;p=1090"},"modified":"2025-08-14T10:34:51","modified_gmt":"2025-08-14T13:34:51","slug":"finca-las-margaritas","status":"publish","type":"product","link":"https:\/\/vinosycosas.com\/index.php\/product\/finca-las-margaritas\/","title":{"rendered":"Finca las Margaritas"},"content":{"rendered":"<h3>Desde los Andes<\/h3>\n<p>Todo comienza bajo la tierra, en nuestras ra\u00edces. En la superficie, con el aire fresco y las aguas claras de deshielo de la Cordillera de Los Andes, nace lo m\u00e1s noble de nuestra tierra: el vi\u00f1edo. Aqu\u00ed, en nuestra reserva, es donde los trabajadores de la tierra cuidan y protegen cada planta y cada racimo que luego dan vida a nuestros vinos.<\/p>\n","protected":false},"excerpt":{"rendered":"<p>Desde los Andes Todo comienza bajo la tierra, en nuestras ra\u00edces. En la superficie, con el aire fresco y las aguas claras de deshielo de la Cordillera de Los Andes, nace lo m\u00e1s noble de nuestra tierra: el vi\u00f1edo. Aqu\u00ed, en nuestra reserva, es donde los trabajadores de la tierra cuidan y protegen cada planta [&hellip;]<\/p>\n","protected":false},"featured_media":1080,"comment_status":"open","ping_status":"closed","template":"","meta":[],"product_brand":[],"product_cat":[24],"product_tag":[],"class_list":{"0":"post-1090","1":"product","2":"type-product","3":"status-publish","4":"has-post-thumbnail","6":"product_cat-vinos","8":"first","9":"instock","10":"shipping-taxable","11":"purchasable","12":"product-type-variable"},"_links":{"self":[{"href":"https:\/\/vinosycosas.com\/index.php\/wp-json\/wp\/v2\/product\/1090"}],"collection":[{"href":"https:\/\/vinosycosas.com\/index.php\/wp-json\/wp\/v2\/product"}],"about":[{"href":"https:\/\/vinosycosas.com\/index.php\/wp-json\/wp\/v2\/types\/product"}],"replies":[{"embeddable":true,"href":"https:\/\/vinosycosas.com\/index.php\/wp-json\/wp\/v2\/comments?post=1090"}],"wp:featuredmedia":[{"embeddable":true,"href":"https:\/\/vinosycosas.com\/index.php\/wp-json\/wp\/v2\/media\/1080"}],"wp:attachment":[{"href":"https:\/\/vinosycosas.com\/index.php\/wp-json\/wp\/v2\/media?parent=1090"}],"wp:term":[{"taxonomy":"product_brand","embeddable":true,"href":"https:\/\/vinosycosas.com\/index.php\/wp-json\/wp\/v2\/product_brand?post=1090"},{"taxonomy":"product_cat","embeddable":true,"href":"https:\/\/vinosycosas.com\/index.php\/wp-json\/wp\/v2\/product_cat?post=1090"},{"taxonomy":"product_tag","embeddable":true,"href":"https:\/\/vinosycosas.com\/index.php\/wp-json\/wp\/v2\/product_tag?post=1090"}],"curies":[{"name":"wp","href":"https:\/\/api.w.org\/{rel}","templated":true}]}}