{"id":1141,"date":"2024-09-05T12:21:40","date_gmt":"2024-09-05T15:21:40","guid":{"rendered":"https:\/\/vinosycosas.com\/?post_type=product&#038;p=1141"},"modified":"2025-08-14T10:28:28","modified_gmt":"2025-08-14T13:28:28","slug":"santa-florentina-reserva-malbec","status":"publish","type":"product","link":"https:\/\/vinosycosas.com\/index.php\/product\/santa-florentina-reserva-malbec\/","title":{"rendered":"Santa Florentina Reserva Malbec"},"content":{"rendered":"<p><strong>Un placer reservado&#8230;<\/strong><\/p>\n<p>Vinos que son el resultado del trabajo minucioso de los productores, permitiendo que la uva se coseche con la m\u00e1xima calidad, obteniendo de ello vinos arm\u00f3nicos y delicados, acunados en madera de roble franc\u00e9s y americano, hasta que alcanzan su m\u00e1xima expresividad\u2026<\/p>\n","protected":false},"excerpt":{"rendered":"<p><strong>Varietal:<\/strong>\u00a0100\u00a0% Malbec.<\/p>\n<p><strong>Cosecha Manual:<\/strong>\u00a0Si.<\/p>\n<p><strong>Nota de degustaci\u00f3n:<\/strong>\u00a0De color rojo profundo con reflejos viol\u00e1ceos. Su aroma es intenso y complejo destac\u00e1ndose las frutas rojas ( ciruela y cereza), frutos secos (nueces y avellanas), tabaco, vainilla y chocolate. En boca es de cuerpo robusto, expresivo, persistente y bien equilibrado; fruto de maduraci\u00f3n en barricas de roble y luego en botella.<\/p>\n<p><strong>Temperatura:<\/strong>\u00a0Servir a 14\u00b0 \u2013 16\u00b0C.<\/p>\n<p><strong>Servir con:<\/strong>\u00a0Ideal para maridar con carnes de cordero asado, carnes rojas asadas, vegetales asados, pastas con salsas fuertes, quesos y chocolate amargo.<\/p>\n","protected":false},"featured_media":1137,"comment_status":"open","ping_status":"closed","template":"","meta":[],"product_brand":[],"product_cat":[24],"product_tag":[],"class_list":{"0":"post-1141","1":"product","2":"type-product","3":"status-publish","4":"has-post-thumbnail","6":"product_cat-vinos","8":"first","9":"instock","10":"shipping-taxable","11":"purchasable","12":"product-type-simple"},"_links":{"self":[{"href":"https:\/\/vinosycosas.com\/index.php\/wp-json\/wp\/v2\/product\/1141"}],"collection":[{"href":"https:\/\/vinosycosas.com\/index.php\/wp-json\/wp\/v2\/product"}],"about":[{"href":"https:\/\/vinosycosas.com\/index.php\/wp-json\/wp\/v2\/types\/product"}],"replies":[{"embeddable":true,"href":"https:\/\/vinosycosas.com\/index.php\/wp-json\/wp\/v2\/comments?post=1141"}],"wp:featuredmedia":[{"embeddable":true,"href":"https:\/\/vinosycosas.com\/index.php\/wp-json\/wp\/v2\/media\/1137"}],"wp:attachment":[{"href":"https:\/\/vinosycosas.com\/index.php\/wp-json\/wp\/v2\/media?parent=1141"}],"wp:term":[{"taxonomy":"product_brand","embeddable":true,"href":"https:\/\/vinosycosas.com\/index.php\/wp-json\/wp\/v2\/product_brand?post=1141"},{"taxonomy":"product_cat","embeddable":true,"href":"https:\/\/vinosycosas.com\/index.php\/wp-json\/wp\/v2\/product_cat?post=1141"},{"taxonomy":"product_tag","embeddable":true,"href":"https:\/\/vinosycosas.com\/index.php\/wp-json\/wp\/v2\/product_tag?post=1141"}],"curies":[{"name":"wp","href":"https:\/\/api.w.org\/{rel}","templated":true}]}}