{"id":1157,"date":"2024-09-18T12:15:07","date_gmt":"2024-09-18T15:15:07","guid":{"rendered":"https:\/\/vinosycosas.com\/?post_type=product&#038;p=1157"},"modified":"2026-04-06T23:09:07","modified_gmt":"2026-04-07T02:09:07","slug":"amarula","status":"publish","type":"product","link":"https:\/\/vinosycosas.com\/index.php\/product\/amarula\/","title":{"rendered":"Amarula"},"content":{"rendered":"<p>Elaborado a partir de la deliciosa fruta marula del \u00c1frica subecuatorial, el licor de marula se destila y envejece en roble franc\u00e9s durante dos a\u00f1os. A continuaci\u00f3n, se mezcla con nuestra crema aterciopelada para crear el suave sabor de Amarula, que se saborea mejor con hielo y, a poder ser, con unas buenas vistas.<\/p>\n","protected":false},"excerpt":{"rendered":"<p>Fresco, suave y redondo. Sabor completo y cremoso con toques de frutas ex\u00f3ticas de marula, tanto en el gusto como despu\u00e9s.<\/p>\n","protected":false},"featured_media":1160,"comment_status":"open","ping_status":"closed","template":"","meta":[],"product_brand":[],"product_cat":[53,79],"product_tag":[],"class_list":{"0":"post-1157","1":"product","2":"type-product","3":"status-publish","4":"has-post-thumbnail","6":"product_cat-destilados","7":"product_cat-licor-destilados","9":"first","10":"instock","11":"shipping-taxable","12":"purchasable","13":"product-type-simple"},"_links":{"self":[{"href":"https:\/\/vinosycosas.com\/index.php\/wp-json\/wp\/v2\/product\/1157"}],"collection":[{"href":"https:\/\/vinosycosas.com\/index.php\/wp-json\/wp\/v2\/product"}],"about":[{"href":"https:\/\/vinosycosas.com\/index.php\/wp-json\/wp\/v2\/types\/product"}],"replies":[{"embeddable":true,"href":"https:\/\/vinosycosas.com\/index.php\/wp-json\/wp\/v2\/comments?post=1157"}],"wp:featuredmedia":[{"embeddable":true,"href":"https:\/\/vinosycosas.com\/index.php\/wp-json\/wp\/v2\/media\/1160"}],"wp:attachment":[{"href":"https:\/\/vinosycosas.com\/index.php\/wp-json\/wp\/v2\/media?parent=1157"}],"wp:term":[{"taxonomy":"product_brand","embeddable":true,"href":"https:\/\/vinosycosas.com\/index.php\/wp-json\/wp\/v2\/product_brand?post=1157"},{"taxonomy":"product_cat","embeddable":true,"href":"https:\/\/vinosycosas.com\/index.php\/wp-json\/wp\/v2\/product_cat?post=1157"},{"taxonomy":"product_tag","embeddable":true,"href":"https:\/\/vinosycosas.com\/index.php\/wp-json\/wp\/v2\/product_tag?post=1157"}],"curies":[{"name":"wp","href":"https:\/\/api.w.org\/{rel}","templated":true}]}}