{"id":1163,"date":"2024-09-18T12:23:04","date_gmt":"2024-09-18T15:23:04","guid":{"rendered":"https:\/\/vinosycosas.com\/?post_type=product&#038;p=1163"},"modified":"2024-09-18T12:23:04","modified_gmt":"2024-09-18T15:23:04","slug":"albany-cream","status":"publish","type":"product","link":"https:\/\/vinosycosas.com\/index.php\/product\/albany-cream\/","title":{"rendered":"Albany Cream"},"content":{"rendered":"<p>Este licor est\u00e1 elaborado con los mejores ingredientes, incluyendo el famoso whisky escoc\u00e9s, para ofrecerte una experiencia \u00fanica en sabor y textura. Su cremosidad y suavidad te cautivar\u00e1n desde el primer sorbo, mientras que sus notas de vainilla, caramelo y especias le aportan un sabor inolvidable.<\/p>\n<p>El Licor Albany Cream es ideal para disfrutar solo, con hielo o en cocteler\u00eda. Tambi\u00e9n es un complemento perfecto para postres o para dar un toque especial a tus recetas de cocina.<\/p>\n<p>La botella de 700 ml tiene un dise\u00f1o elegante y sofisticado, con un toque cl\u00e1sico que refleja la calidad y la tradici\u00f3n del licor de crema de whisky.<\/p>\n","protected":false},"excerpt":{"rendered":"<p>Una crema de whisky, con notas de dulce de leche, chocolate blanco, vainilla y crema. Utilizamos un whisky y una crema importada de Irlanda creando un licor de excelencia. Un licor f\u00e1cil de beber que se disfruta solo, con hielo o una amplia variedad de tragos dada su enorme versatilidad para la mezcla.<\/p>\n","protected":false},"featured_media":1159,"comment_status":"open","ping_status":"closed","template":"","meta":[],"product_brand":[],"product_cat":[53,79],"product_tag":[],"class_list":{"0":"post-1163","1":"product","2":"type-product","3":"status-publish","4":"has-post-thumbnail","6":"product_cat-destilados","7":"product_cat-licor-destilados","9":"first","10":"instock","11":"shipping-taxable","12":"purchasable","13":"product-type-simple"},"_links":{"self":[{"href":"https:\/\/vinosycosas.com\/index.php\/wp-json\/wp\/v2\/product\/1163"}],"collection":[{"href":"https:\/\/vinosycosas.com\/index.php\/wp-json\/wp\/v2\/product"}],"about":[{"href":"https:\/\/vinosycosas.com\/index.php\/wp-json\/wp\/v2\/types\/product"}],"replies":[{"embeddable":true,"href":"https:\/\/vinosycosas.com\/index.php\/wp-json\/wp\/v2\/comments?post=1163"}],"wp:featuredmedia":[{"embeddable":true,"href":"https:\/\/vinosycosas.com\/index.php\/wp-json\/wp\/v2\/media\/1159"}],"wp:attachment":[{"href":"https:\/\/vinosycosas.com\/index.php\/wp-json\/wp\/v2\/media?parent=1163"}],"wp:term":[{"taxonomy":"product_brand","embeddable":true,"href":"https:\/\/vinosycosas.com\/index.php\/wp-json\/wp\/v2\/product_brand?post=1163"},{"taxonomy":"product_cat","embeddable":true,"href":"https:\/\/vinosycosas.com\/index.php\/wp-json\/wp\/v2\/product_cat?post=1163"},{"taxonomy":"product_tag","embeddable":true,"href":"https:\/\/vinosycosas.com\/index.php\/wp-json\/wp\/v2\/product_tag?post=1163"}],"curies":[{"name":"wp","href":"https:\/\/api.w.org\/{rel}","templated":true}]}}