{"id":1165,"date":"2024-09-18T12:30:32","date_gmt":"2024-09-18T15:30:32","guid":{"rendered":"https:\/\/vinosycosas.com\/?post_type=product&#038;p=1165"},"modified":"2024-09-18T12:30:32","modified_gmt":"2024-09-18T15:30:32","slug":"baileys-original","status":"publish","type":"product","link":"https:\/\/vinosycosas.com\/index.php\/product\/baileys-original\/","title":{"rendered":"Baileys Original"},"content":{"rendered":"<p>Una delicia absoluta. B\u00e9balo solo con hielo, agr\u00e9guelo a un c\u00f3ctel, roc\u00edelo sobre helado, hornee un pastel fant\u00e1stico con Baileys (quiz\u00e1s incluso comp\u00e1rtalo si es necesario). Baileys Original Irish Cream es sin\u00f3nimo de placer puro y sin adulterar.<\/p>\n","protected":false},"excerpt":{"rendered":"<p>Uno de los placeres m\u00e1s placenteros de la vida, Baileys Original Irish Cream es la combinaci\u00f3n m\u00e1s dulce de whisky y licores irlandeses finos, crema irlandesa y ricos sabores de chocolate y vainilla.<\/p>\n","protected":false},"featured_media":1161,"comment_status":"open","ping_status":"closed","template":"","meta":[],"product_brand":[],"product_cat":[53,79],"product_tag":[],"class_list":{"0":"post-1165","1":"product","2":"type-product","3":"status-publish","4":"has-post-thumbnail","6":"product_cat-destilados","7":"product_cat-licor-destilados","9":"first","10":"instock","11":"shipping-taxable","12":"purchasable","13":"product-type-simple"},"_links":{"self":[{"href":"https:\/\/vinosycosas.com\/index.php\/wp-json\/wp\/v2\/product\/1165"}],"collection":[{"href":"https:\/\/vinosycosas.com\/index.php\/wp-json\/wp\/v2\/product"}],"about":[{"href":"https:\/\/vinosycosas.com\/index.php\/wp-json\/wp\/v2\/types\/product"}],"replies":[{"embeddable":true,"href":"https:\/\/vinosycosas.com\/index.php\/wp-json\/wp\/v2\/comments?post=1165"}],"wp:featuredmedia":[{"embeddable":true,"href":"https:\/\/vinosycosas.com\/index.php\/wp-json\/wp\/v2\/media\/1161"}],"wp:attachment":[{"href":"https:\/\/vinosycosas.com\/index.php\/wp-json\/wp\/v2\/media?parent=1165"}],"wp:term":[{"taxonomy":"product_brand","embeddable":true,"href":"https:\/\/vinosycosas.com\/index.php\/wp-json\/wp\/v2\/product_brand?post=1165"},{"taxonomy":"product_cat","embeddable":true,"href":"https:\/\/vinosycosas.com\/index.php\/wp-json\/wp\/v2\/product_cat?post=1165"},{"taxonomy":"product_tag","embeddable":true,"href":"https:\/\/vinosycosas.com\/index.php\/wp-json\/wp\/v2\/product_tag?post=1165"}],"curies":[{"name":"wp","href":"https:\/\/api.w.org\/{rel}","templated":true}]}}