{"id":1166,"date":"2024-09-18T16:05:41","date_gmt":"2024-09-18T19:05:41","guid":{"rendered":"https:\/\/vinosycosas.com\/?post_type=product&#038;p=1166"},"modified":"2024-10-15T11:37:33","modified_gmt":"2024-10-15T14:37:33","slug":"disaronno","status":"publish","type":"product","link":"https:\/\/vinosycosas.com\/index.php\/product\/disaronno\/","title":{"rendered":"Disaronno"},"content":{"rendered":"<p>Su elaboraci\u00f3n se remonta al siglo XVI, y es el prototipo del licor del amor renacentista. El Amaretto Disaronno es desde hace pocos a\u00f1os, la bebida dulce m\u00e1s a la moda en Estados Unidos. Tiene su origen en Saronno. Saronno es una localidad perteneciente a Italia, es peque\u00f1a y se encuentra cerca de Mil\u00e1n. De ah\u00ed su nombre.Seg\u00fan la leyenda, en el a\u00f1o 1525 el pintor Bernardino Luini, quien era disc\u00edpulo de Leonardo da Vinci, le encargaron pintar un cuadro de la Madonna en Saronno. Le sirvi\u00f3 de modelo la hija de la due\u00f1a de una posada y pasados unos meses la joven se enamor\u00f3 del pintor y cuentan que para demostrarle su amor le prepar\u00f3 una bebida con ingredientes naturales que ten\u00eda en su propio jard\u00edn.Bernardino Luini, llev\u00f3 esta bebida fuera de Saronno y la hizo conocer por toda Italia. Fue as\u00ed que la receta se fue pasando de mano en mano y de generaci\u00f3n en generaci\u00f3n durante casi tres siglos. En 1817, reci\u00e9n se comenz\u00f3 su comercializaci\u00f3n. Este licor tan original, actualmente sigue en primera l\u00ednea a nivel mundial tanto su fabricaci\u00f3n como su comercializaci\u00f3n. Su receta se ha mantenido casi sin cambios, y su envase es el adecuado para el prestigio de este licor.<\/p>\n","protected":false},"excerpt":{"rendered":"<p>Es un licor de almendras maceradas en alcohol de vino. De gusto memorioso a la vez que astringente. El Amaretto di Saronno tiene la cualidad, debido a su sabor tan particular de poder tomarse solo o con hielo, luego de un postre. Dado que una de las caracter\u00edsticas que tiene es de ser digestivo.<\/p>\n","protected":false},"featured_media":1168,"comment_status":"open","ping_status":"closed","template":"","meta":[],"product_brand":[],"product_cat":[53,79],"product_tag":[],"class_list":{"0":"post-1166","1":"product","2":"type-product","3":"status-publish","4":"has-post-thumbnail","6":"product_cat-destilados","7":"product_cat-licor-destilados","9":"first","10":"instock","11":"shipping-taxable","12":"purchasable","13":"product-type-simple"},"_links":{"self":[{"href":"https:\/\/vinosycosas.com\/index.php\/wp-json\/wp\/v2\/product\/1166"}],"collection":[{"href":"https:\/\/vinosycosas.com\/index.php\/wp-json\/wp\/v2\/product"}],"about":[{"href":"https:\/\/vinosycosas.com\/index.php\/wp-json\/wp\/v2\/types\/product"}],"replies":[{"embeddable":true,"href":"https:\/\/vinosycosas.com\/index.php\/wp-json\/wp\/v2\/comments?post=1166"}],"wp:featuredmedia":[{"embeddable":true,"href":"https:\/\/vinosycosas.com\/index.php\/wp-json\/wp\/v2\/media\/1168"}],"wp:attachment":[{"href":"https:\/\/vinosycosas.com\/index.php\/wp-json\/wp\/v2\/media?parent=1166"}],"wp:term":[{"taxonomy":"product_brand","embeddable":true,"href":"https:\/\/vinosycosas.com\/index.php\/wp-json\/wp\/v2\/product_brand?post=1166"},{"taxonomy":"product_cat","embeddable":true,"href":"https:\/\/vinosycosas.com\/index.php\/wp-json\/wp\/v2\/product_cat?post=1166"},{"taxonomy":"product_tag","embeddable":true,"href":"https:\/\/vinosycosas.com\/index.php\/wp-json\/wp\/v2\/product_tag?post=1166"}],"curies":[{"name":"wp","href":"https:\/\/api.w.org\/{rel}","templated":true}]}}