{"id":1170,"date":"2024-09-18T16:09:08","date_gmt":"2024-09-18T19:09:08","guid":{"rendered":"https:\/\/vinosycosas.com\/?post_type=product&#038;p=1170"},"modified":"2024-11-11T10:39:18","modified_gmt":"2024-11-11T13:39:18","slug":"cointreau","status":"publish","type":"product","link":"https:\/\/vinosycosas.com\/index.php\/product\/cointreau\/","title":{"rendered":"Cointreau"},"content":{"rendered":"<p>Cointreau es un licor triple sec franc\u00e9s, elaborado a base de c\u00e1scaras de naranjas. Fue creado en la destiler\u00eda de la familia Cointreau en 1875, en el pueblo de Saint-Barth\u00e9lemy-d&#8217;Anjou (periferia de Angers), en la regi\u00f3n francesa de Pa\u00edses del Loira. Alexis Lichine afirma que su nombre primitivo fue el de \u00abCura\u00e7ao Blanco Triple Sec\u00bb.Cointreau es un licor de 40% Vol. de graduaci\u00f3n alcoh\u00f3lica, obtenido a partir de la destilaci\u00f3n de c\u00e1scaras de naranja de variedades y procedencias diversas, tanto dulces como amargas. Las c\u00e1scaras se secan al sol, se maceran y se destilan en alambiques de cobre dando por resultado un aceite esencial que confiere al licor un aroma intenso y muy natural, entre dulce y amargo. Este aceite esencial se mezcla con alcohol, agua y az\u00facar en forma de alm\u00edbar y especias. El secreto de su elaboraci\u00f3n y composici\u00f3n ha sido cuidadosamente guardado desde hace m\u00e1s de 130 a\u00f1os. El licor es cristalino y se enturbia en contacto con el hielo, adquiriendo un tono nacarado con ribetes de color oro.<\/p>\n","protected":false},"excerpt":{"rendered":"<p>Cointreau procede de la destilaci\u00f3n \u00fanica de c\u00e1scaras de naranja dulces y amargas, lo que permite que este licor transparente alcance el equilibrio perfecto entre el dulzor y la frescura. Cointreau es el triple seco original, el licor de naranja con la concentraci\u00f3n m\u00e1s alta en aceites esenciales de naranja. Compru\u00e9belo usted mismo: Cointreau se vuelve opalescente en contacto con el hielo o el agua, porque sus aceites esenciales se hacen visibles al instante. Por esta raz\u00f3n, Cointreau es el licor de naranja m\u00e1s arom\u00e1tico.<\/p>\n","protected":false},"featured_media":1167,"comment_status":"open","ping_status":"closed","template":"","meta":[],"product_brand":[],"product_cat":[53,79],"product_tag":[],"class_list":{"0":"post-1170","1":"product","2":"type-product","3":"status-publish","4":"has-post-thumbnail","6":"product_cat-destilados","7":"product_cat-licor-destilados","9":"first","10":"instock","11":"shipping-taxable","12":"purchasable","13":"product-type-simple"},"_links":{"self":[{"href":"https:\/\/vinosycosas.com\/index.php\/wp-json\/wp\/v2\/product\/1170"}],"collection":[{"href":"https:\/\/vinosycosas.com\/index.php\/wp-json\/wp\/v2\/product"}],"about":[{"href":"https:\/\/vinosycosas.com\/index.php\/wp-json\/wp\/v2\/types\/product"}],"replies":[{"embeddable":true,"href":"https:\/\/vinosycosas.com\/index.php\/wp-json\/wp\/v2\/comments?post=1170"}],"wp:featuredmedia":[{"embeddable":true,"href":"https:\/\/vinosycosas.com\/index.php\/wp-json\/wp\/v2\/media\/1167"}],"wp:attachment":[{"href":"https:\/\/vinosycosas.com\/index.php\/wp-json\/wp\/v2\/media?parent=1170"}],"wp:term":[{"taxonomy":"product_brand","embeddable":true,"href":"https:\/\/vinosycosas.com\/index.php\/wp-json\/wp\/v2\/product_brand?post=1170"},{"taxonomy":"product_cat","embeddable":true,"href":"https:\/\/vinosycosas.com\/index.php\/wp-json\/wp\/v2\/product_cat?post=1170"},{"taxonomy":"product_tag","embeddable":true,"href":"https:\/\/vinosycosas.com\/index.php\/wp-json\/wp\/v2\/product_tag?post=1170"}],"curies":[{"name":"wp","href":"https:\/\/api.w.org\/{rel}","templated":true}]}}