{"id":1199,"date":"2024-10-18T09:38:31","date_gmt":"2024-10-18T12:38:31","guid":{"rendered":"https:\/\/vinosycosas.com\/?post_type=product&#038;p=1199"},"modified":"2024-10-28T18:01:29","modified_gmt":"2024-10-28T21:01:29","slug":"hennessy","status":"publish","type":"product","link":"https:\/\/vinosycosas.com\/index.php\/product\/hennessy\/","title":{"rendered":"Hennessy"},"content":{"rendered":"<p>Hennessy Very Special (VS) es uno de los co\u00f1acs m\u00e1s populares del mundo. Madurado en barricas de roble nuevas, Hennessy VS es audaz y fragante. Su car\u00e1cter cautivador es exclusivo de Hennessy, una opci\u00f3n atemporal con una intensidad propia. Hennessy VS ofrece notas tostadas y frutales, con un paladar rico y claramente definido y una exuberancia acogedora.<\/p>\n<p>Hennessy VS expresa su personalidad vibrante y din\u00e1mica a trav\u00e9s de colaboraciones \u00fanicas con artistas y ediciones limitadas anuales. F\u00e1cil de disfrutar, es un co\u00f1ac perfecto para ocasiones llenas de energ\u00eda y para compartir el momento.<\/p>\n<p>Los sabores redondos y robustos de Hennessy VS lo hacen muy vers\u00e1til e ideal para cualquier posibilidad de c\u00f3ctel, desde recetas cl\u00e1sicas y sofisticadas creaciones de c\u00f3cteles hasta bebidas mezcladas f\u00e1cilmente.<\/p>\n","protected":false},"excerpt":{"rendered":"<div class=\"c-ProductIntroCol-accordion-content-desc-content-inner c-ProductIntroCol-accordion-content-desc-content-tasting\">\n<p class=\"t-h5\">COLOR<\/p>\n<div class=\"c-ProductIntroCol-accordion-content-desc-btn-inner-col\">\n<div class=\"c-ProductIntroCol-accordion-content-desc-btn-inner-col-txt\">\n<p class=\"t-text--sm\">Claro y brillante, con un hermoso tono \u00e1mbar.<\/p>\n<\/div>\n<\/div>\n<\/div>\n<div class=\"c-ProductIntroCol-accordion-content-desc-content-inner c-ProductIntroCol-accordion-content-desc-content-tasting\">\n<p class=\"t-h5\">NARIZ<\/p>\n<div class=\"c-ProductIntroCol-accordion-content-desc-btn-inner-col\">\n<div class=\"c-ProductIntroCol-accordion-content-desc-btn-inner-col-txt\">\n<p class=\"t-text--sm\">Las notas iniciales de pan tostado fresco con almendras tostadas y az\u00facar moreno son seguidas y complementadas por una segunda ola de aromas m\u00e1s sutiles a frutos de vid.<\/p>\n<\/div>\n<\/div>\n<\/div>\n<div class=\"c-ProductIntroCol-accordion-content-desc-content-inner c-ProductIntroCol-accordion-content-desc-content-tasting\">\n<p class=\"t-h5\">PALADAR<\/p>\n<div class=\"c-ProductIntroCol-accordion-content-desc-btn-inner-col\">\n<div class=\"c-ProductIntroCol-accordion-content-desc-btn-inner-col-txt\">\n<p class=\"t-text--sm\">Su intensidad arom\u00e1tica se refleja en un paladar rico y cremoso, que aporta una dimensi\u00f3n a\u00f1adida de vainilla, todo ello redondeado por un final exuberantemente fresco y floral.<\/p>\n<\/div>\n<\/div>\n<\/div>\n","protected":false},"featured_media":1303,"comment_status":"open","ping_status":"closed","template":"","meta":[],"product_brand":[],"product_cat":[80,53],"product_tag":[],"class_list":{"0":"post-1199","1":"product","2":"type-product","3":"status-publish","4":"has-post-thumbnail","6":"product_cat-cognac","7":"product_cat-destilados","9":"first","10":"instock","11":"shipping-taxable","12":"purchasable","13":"product-type-simple"},"_links":{"self":[{"href":"https:\/\/vinosycosas.com\/index.php\/wp-json\/wp\/v2\/product\/1199"}],"collection":[{"href":"https:\/\/vinosycosas.com\/index.php\/wp-json\/wp\/v2\/product"}],"about":[{"href":"https:\/\/vinosycosas.com\/index.php\/wp-json\/wp\/v2\/types\/product"}],"replies":[{"embeddable":true,"href":"https:\/\/vinosycosas.com\/index.php\/wp-json\/wp\/v2\/comments?post=1199"}],"wp:featuredmedia":[{"embeddable":true,"href":"https:\/\/vinosycosas.com\/index.php\/wp-json\/wp\/v2\/media\/1303"}],"wp:attachment":[{"href":"https:\/\/vinosycosas.com\/index.php\/wp-json\/wp\/v2\/media?parent=1199"}],"wp:term":[{"taxonomy":"product_brand","embeddable":true,"href":"https:\/\/vinosycosas.com\/index.php\/wp-json\/wp\/v2\/product_brand?post=1199"},{"taxonomy":"product_cat","embeddable":true,"href":"https:\/\/vinosycosas.com\/index.php\/wp-json\/wp\/v2\/product_cat?post=1199"},{"taxonomy":"product_tag","embeddable":true,"href":"https:\/\/vinosycosas.com\/index.php\/wp-json\/wp\/v2\/product_tag?post=1199"}],"curies":[{"name":"wp","href":"https:\/\/api.w.org\/{rel}","templated":true}]}}