{"id":1201,"date":"2024-10-18T09:45:59","date_gmt":"2024-10-18T12:45:59","guid":{"rendered":"https:\/\/vinosycosas.com\/?post_type=product&#038;p=1201"},"modified":"2024-10-28T17:52:39","modified_gmt":"2024-10-28T20:52:39","slug":"moet-imperial","status":"publish","type":"product","link":"https:\/\/vinosycosas.com\/index.php\/product\/moet-imperial\/","title":{"rendered":"Mo\u00ebt Imperial"},"content":{"rendered":"<div class=\"introduction-content-meta-wrapper\">\n<div class=\"ic-title-tags-wrapper\">\n<div class=\"ic-title-wrapper\">\n<h1 class=\"title\" style=\"text-align: center;\"><strong data-aos=\"fade-up\" data-aos-duration=\"1000\" data-aos-delay=\"200\">Mo\u00ebt Imperial<\/strong><\/h1>\n<h1 class=\"title\" style=\"text-align: center;\"><span style=\"font-size: 16px;\">Seductor, <\/span><span style=\"font-size: 16px;\">Generoso, <\/span><span style=\"font-size: 16px;\">Vibrante<\/span><\/h1>\n<\/div>\n<\/div>\n<div class=\"ic-cta-wrapper\">\n<div class=\"section-cta cta2 my-2\" data-aos=\"fade-up\" data-aos-duration=\"1000\" data-aos-delay=\"400\">Mo\u00ebt Imp\u00e9rial es el champ\u00e1n ic\u00f3nico de la Casa. Creado en 1869, encarna el estilo \u00fanico de Mo\u00ebt &amp; Chandon, un estilo que se distingue por su brillante frutosidad, su seductor paladar y su elegante madurez.<\/div>\n<div data-aos=\"fade-up\" data-aos-duration=\"1000\" data-aos-delay=\"400\">Creado a partir de m\u00e1s de 100 vinos diferentes, de los cuales entre un 20% y un 30% son vinos reserva especialmente seleccionados para potenciar su madurez, complejidad y constancia, el ensamblaje refleja la diversidad y complementariedad de las tres variedades de uva.<\/div>\n<\/div>\n<\/div>\n","protected":false},"excerpt":{"rendered":"<p><strong>Un color elegante<\/strong><br \/>\nAmarillo pajizo dorado con reflejos verdosos<\/p>\n<p><strong>Un bouquet chispeante<\/strong><\/p>\n<ul>\n<li>La vibrante intensidad de la manzana verde y los c\u00edtricos.<\/li>\n<li>El frescor de los matices minerales y las flores blancas.<\/li>\n<li>La elegancia de las notas rubias (brioche, cereales, frutos secos frescos)<\/li>\n<\/ul>\n","protected":false},"featured_media":1300,"comment_status":"open","ping_status":"closed","template":"","meta":[],"product_brand":[],"product_cat":[55],"product_tag":[],"class_list":{"0":"post-1201","1":"product","2":"type-product","3":"status-publish","4":"has-post-thumbnail","6":"product_cat-espumantes","8":"first","9":"instock","10":"shipping-taxable","11":"purchasable","12":"product-type-simple"},"_links":{"self":[{"href":"https:\/\/vinosycosas.com\/index.php\/wp-json\/wp\/v2\/product\/1201"}],"collection":[{"href":"https:\/\/vinosycosas.com\/index.php\/wp-json\/wp\/v2\/product"}],"about":[{"href":"https:\/\/vinosycosas.com\/index.php\/wp-json\/wp\/v2\/types\/product"}],"replies":[{"embeddable":true,"href":"https:\/\/vinosycosas.com\/index.php\/wp-json\/wp\/v2\/comments?post=1201"}],"wp:featuredmedia":[{"embeddable":true,"href":"https:\/\/vinosycosas.com\/index.php\/wp-json\/wp\/v2\/media\/1300"}],"wp:attachment":[{"href":"https:\/\/vinosycosas.com\/index.php\/wp-json\/wp\/v2\/media?parent=1201"}],"wp:term":[{"taxonomy":"product_brand","embeddable":true,"href":"https:\/\/vinosycosas.com\/index.php\/wp-json\/wp\/v2\/product_brand?post=1201"},{"taxonomy":"product_cat","embeddable":true,"href":"https:\/\/vinosycosas.com\/index.php\/wp-json\/wp\/v2\/product_cat?post=1201"},{"taxonomy":"product_tag","embeddable":true,"href":"https:\/\/vinosycosas.com\/index.php\/wp-json\/wp\/v2\/product_tag?post=1201"}],"curies":[{"name":"wp","href":"https:\/\/api.w.org\/{rel}","templated":true}]}}