{"id":1210,"date":"2024-10-18T10:59:04","date_gmt":"2024-10-18T13:59:04","guid":{"rendered":"https:\/\/vinosycosas.com\/?post_type=product&#038;p=1210"},"modified":"2024-12-11T10:44:44","modified_gmt":"2024-12-11T13:44:44","slug":"baron-b","status":"publish","type":"product","link":"https:\/\/vinosycosas.com\/index.php\/product\/baron-b\/","title":{"rendered":"Baron B"},"content":{"rendered":"<h3>Baron B es \u00fanico.<\/h3>\n<p>La armon\u00eda, precisi\u00f3n y complejidad son sus atributos inigualables que en perfecto equilibrio se traducen desde su concepci\u00f3n. Un estilo que se destaca por su elegancia y fineza.<\/p>\n<p><em><strong>Armon\u00eda:<\/strong><\/em>\u00a0cada componente est\u00e1 en su justa proporci\u00f3n. Baron B juega con los opuestos para lograr una expresi\u00f3n superior entre madurez y frescura, tensi\u00f3n y volumen, viveza y sedosidad. De este sutil juego de contrastes, nacido del assemblage del elegante Chardonnay y del intenso Pinot Noir, nace la armon\u00eda ins\u00f3lita del Baron B.<\/p>\n<p><em><strong>Precisi\u00f3n:<\/strong>\u00a0<\/em>El sello de Baron B es la precisi\u00f3n en todos sus sentidos: desde sus finas burbujas, sus aromas sutiles y contundentes hasta su paladar amplio y n\u00edtido. Todo tiene que estar en su lugar, con la m\u00e1s alta definici\u00f3n, dejando una intrigante percepci\u00f3n de precisi\u00f3n sensorial.<\/p>\n<p><em><strong>Complejidad:<\/strong>\u00a0<\/em>La maduraci\u00f3n es un proceso vivo que transforma y revela los atributos profundos de cada ser y cada producto. El tiempo prolongado de guarda del espumoso sobre sus levaduras en nuestras cavas es una etapa vital para revelar todas sus facetas. Nuevas notas arom\u00e1ticas tostadas y minerales se suman al floral y frutado inicial, mientras capas cremosas y sedosas te envuelve en una sensaci\u00f3n tensa y vibrante, elevando nuestro espumoso hacia nuevos horizontes de complejidad.<\/p>\n","protected":false},"excerpt":{"rendered":"<p>Baron B es \u00fanico. La armon\u00eda, precisi\u00f3n y complejidad son sus atributos inigualables que en perfecto equilibrio se traducen desde su concepci\u00f3n. Un estilo que se destaca por su elegancia y fineza. Armon\u00eda:\u00a0cada componente est\u00e1 en su justa proporci\u00f3n. Baron B juega con los opuestos para lograr una expresi\u00f3n superior entre madurez y frescura, tensi\u00f3n [&hellip;]<\/p>\n","protected":false},"featured_media":1299,"comment_status":"open","ping_status":"closed","template":"","meta":[],"product_brand":[],"product_cat":[55],"product_tag":[],"class_list":{"0":"post-1210","1":"product","2":"type-product","3":"status-publish","4":"has-post-thumbnail","6":"product_cat-espumantes","8":"first","9":"instock","10":"shipping-taxable","11":"purchasable","12":"product-type-variable"},"_links":{"self":[{"href":"https:\/\/vinosycosas.com\/index.php\/wp-json\/wp\/v2\/product\/1210"}],"collection":[{"href":"https:\/\/vinosycosas.com\/index.php\/wp-json\/wp\/v2\/product"}],"about":[{"href":"https:\/\/vinosycosas.com\/index.php\/wp-json\/wp\/v2\/types\/product"}],"replies":[{"embeddable":true,"href":"https:\/\/vinosycosas.com\/index.php\/wp-json\/wp\/v2\/comments?post=1210"}],"wp:featuredmedia":[{"embeddable":true,"href":"https:\/\/vinosycosas.com\/index.php\/wp-json\/wp\/v2\/media\/1299"}],"wp:attachment":[{"href":"https:\/\/vinosycosas.com\/index.php\/wp-json\/wp\/v2\/media?parent=1210"}],"wp:term":[{"taxonomy":"product_brand","embeddable":true,"href":"https:\/\/vinosycosas.com\/index.php\/wp-json\/wp\/v2\/product_brand?post=1210"},{"taxonomy":"product_cat","embeddable":true,"href":"https:\/\/vinosycosas.com\/index.php\/wp-json\/wp\/v2\/product_cat?post=1210"},{"taxonomy":"product_tag","embeddable":true,"href":"https:\/\/vinosycosas.com\/index.php\/wp-json\/wp\/v2\/product_tag?post=1210"}],"curies":[{"name":"wp","href":"https:\/\/api.w.org\/{rel}","templated":true}]}}