{"id":1223,"date":"2024-10-18T12:31:01","date_gmt":"2024-10-18T15:31:01","guid":{"rendered":"https:\/\/vinosycosas.com\/?post_type=product&#038;p=1223"},"modified":"2025-04-10T11:43:09","modified_gmt":"2025-04-10T14:43:09","slug":"cola-de-zorro","status":"publish","type":"product","link":"https:\/\/vinosycosas.com\/index.php\/product\/cola-de-zorro\/","title":{"rendered":"Cola de Zorro"},"content":{"rendered":"<h3 class=\"MuiTypography-root MuiTypography-h6 css-108rfgw\">Vizcacha Wines<\/h3>\n<div class=\"_margin_1hv7f_75\"><\/div>\n<p class=\"MuiTypography-root MuiTypography-body2 css-4qkjxu\">Es un proyecto vitivin\u00edcola que busca conjugar la experiencia vitivinicultora de seis generaciones con nuevas t\u00e9cnicas de elaboraci\u00f3n de vino. En permanente innovaci\u00f3n, tenemos la firme intenci\u00f3n de traducir y expresar en cada botella de vino, una peque\u00f1a parte del Valle Calchaqu\u00ed.<\/p>\n<div class=\"_margin_1hv7f_75\"><\/div>\n<h3 class=\"MuiTypography-root MuiTypography-h6 css-wwyc3h\">NUESTRA FILOSOFIA<\/h3>\n<div class=\"_margin_1hv7f_75\"><\/div>\n<ul class=\"_listStyle_1hv7f_39\">\n<li>\n<p class=\"MuiTypography-root MuiTypography-body1 css-rip60s\">Producir vinos representativos del Valle Calchaqu\u00ed incorporando un estilo moderno y de nuevo mundo, pero siempre manteniendo la esencia y car\u00e1cter tradicional de la vitivinicultura salte\u00f1a.<\/p>\n<\/li>\n<li>\n<p class=\"MuiTypography-root MuiTypography-body1 css-rip60s\">Elaborar vinos f\u00e1ciles de tomar para acercar al p\u00fablico joven y tambi\u00e9n a quienes no est\u00e1n tan relacionados al mundo del vino.<\/p>\n<\/li>\n<li>\n<p class=\"MuiTypography-root MuiTypography-body1 css-rip60s\">Producir con uvas provenientes de vi\u00f1edos ubicados en extrema altura y de gran potencial enol\u00f3gico que permitan una m\u00ednima intervenci\u00f3n, pero una gran calidad.<\/p>\n<\/li>\n<\/ul>\n","protected":false},"excerpt":{"rendered":"<p>Vino de gran cuerpo, con mucha potencia pero a la vez fresco, donde pretende expresar toda la tipicidad de su lugar de origen de la manera m\u00e1s sincera, fermentado con levaduras ind\u00edgenas, sin contacto con madera y embotellado en el a\u00f1o.<\/p>\n","protected":false},"featured_media":1225,"comment_status":"open","ping_status":"closed","template":"","meta":[],"product_brand":[],"product_cat":[24],"product_tag":[],"class_list":{"0":"post-1223","1":"product","2":"type-product","3":"status-publish","4":"has-post-thumbnail","6":"product_cat-vinos","8":"first","9":"instock","10":"shipping-taxable","11":"purchasable","12":"product-type-simple"},"_links":{"self":[{"href":"https:\/\/vinosycosas.com\/index.php\/wp-json\/wp\/v2\/product\/1223"}],"collection":[{"href":"https:\/\/vinosycosas.com\/index.php\/wp-json\/wp\/v2\/product"}],"about":[{"href":"https:\/\/vinosycosas.com\/index.php\/wp-json\/wp\/v2\/types\/product"}],"replies":[{"embeddable":true,"href":"https:\/\/vinosycosas.com\/index.php\/wp-json\/wp\/v2\/comments?post=1223"}],"wp:featuredmedia":[{"embeddable":true,"href":"https:\/\/vinosycosas.com\/index.php\/wp-json\/wp\/v2\/media\/1225"}],"wp:attachment":[{"href":"https:\/\/vinosycosas.com\/index.php\/wp-json\/wp\/v2\/media?parent=1223"}],"wp:term":[{"taxonomy":"product_brand","embeddable":true,"href":"https:\/\/vinosycosas.com\/index.php\/wp-json\/wp\/v2\/product_brand?post=1223"},{"taxonomy":"product_cat","embeddable":true,"href":"https:\/\/vinosycosas.com\/index.php\/wp-json\/wp\/v2\/product_cat?post=1223"},{"taxonomy":"product_tag","embeddable":true,"href":"https:\/\/vinosycosas.com\/index.php\/wp-json\/wp\/v2\/product_tag?post=1223"}],"curies":[{"name":"wp","href":"https:\/\/api.w.org\/{rel}","templated":true}]}}