{"id":1238,"date":"2024-10-23T12:13:26","date_gmt":"2024-10-23T15:13:26","guid":{"rendered":"https:\/\/vinosycosas.com\/?post_type=product&#038;p=1238"},"modified":"2025-08-14T10:24:52","modified_gmt":"2025-08-14T13:24:52","slug":"occidente","status":"publish","type":"product","link":"https:\/\/vinosycosas.com\/index.php\/product\/occidente\/","title":{"rendered":"Occidente"},"content":{"rendered":"<p><b>La Puna, ind\u00f3mita, inmensa, inh\u00f3spita.<\/b><\/p>\n<p>Caprichoso paisaje sacado de otro planeta donde la vida se abre camino en las mas extremas condiciones, donde la altura y los cuatro elementos hacen del terru\u00f1o un lugar perfecto para la elaboraci\u00f3n de los mejores y \u00fanicos vinos.<\/p>\n<p>A una altura de 2600 metros sobre el nivel del mar, en Cachi; y a 3.400 metros sobre el nivel del mar, en La Poma, se encuentra la plantaci\u00f3n de vi\u00f1edos y nuestra Bodega PUNA. Las cepas cultivadas son MALBEC, CABERNET SAUVIGNON, CABERNET FRANC, TEMPRANILLO Y TORRONTES, SAUVIGNON BLANC Y SYRAH.<\/p>\n<p>La altura de los vi\u00f1edos, el clima, la amplitud t\u00e9rmica, los rayos ultravioletas de la zona y la tierra, hacen que nuestros vinos tengan caracter\u00edsticas \u00fanicas.<\/p>\n<p>Por a\u00f1o, el total de botellas de vino producidas entre todos los varietales es 360.000. Y el total de hect\u00e1reas cultivadas, entre Cachi y La Poma es de 36 hect\u00e1reas.<\/p>\n","protected":false},"excerpt":{"rendered":"<p><strong>Color: <\/strong>Muestra un atractivo rojo rub\u00ed , con leves tonalidades viol\u00e1ceas, En el centro de copa se observa de color intenso negro, con aspecto l\u00edmpido y brillante.<\/p>\n<p><strong>Aroma: <\/strong>Es de caracter\u00edstica frutal, recuerdo de frutos rojos maduros como ciruela, frambuesas y un segundo plano floral con reminiscencias a violetas.<\/p>\n<p><strong>Boca: <\/strong>De buena intensidad , \u00e1gil, fluye muy bien en boca, es ligero muy f\u00e1cil de beber. Post gusto persistente y coincidente en su sabor con el plano arom\u00e1tico frutal. La adecuada buena acidez lo acompa\u00f1a en su frescura sin percibir su alcohol firme. La estructura t\u00e1nica es de intensidad media y agradable.<\/p>\n","protected":false},"featured_media":1240,"comment_status":"open","ping_status":"closed","template":"","meta":[],"product_brand":[],"product_cat":[24],"product_tag":[],"class_list":{"0":"post-1238","1":"product","2":"type-product","3":"status-publish","4":"has-post-thumbnail","6":"product_cat-vinos","8":"first","9":"instock","10":"shipping-taxable","11":"purchasable","12":"product-type-simple"},"_links":{"self":[{"href":"https:\/\/vinosycosas.com\/index.php\/wp-json\/wp\/v2\/product\/1238"}],"collection":[{"href":"https:\/\/vinosycosas.com\/index.php\/wp-json\/wp\/v2\/product"}],"about":[{"href":"https:\/\/vinosycosas.com\/index.php\/wp-json\/wp\/v2\/types\/product"}],"replies":[{"embeddable":true,"href":"https:\/\/vinosycosas.com\/index.php\/wp-json\/wp\/v2\/comments?post=1238"}],"wp:featuredmedia":[{"embeddable":true,"href":"https:\/\/vinosycosas.com\/index.php\/wp-json\/wp\/v2\/media\/1240"}],"wp:attachment":[{"href":"https:\/\/vinosycosas.com\/index.php\/wp-json\/wp\/v2\/media?parent=1238"}],"wp:term":[{"taxonomy":"product_brand","embeddable":true,"href":"https:\/\/vinosycosas.com\/index.php\/wp-json\/wp\/v2\/product_brand?post=1238"},{"taxonomy":"product_cat","embeddable":true,"href":"https:\/\/vinosycosas.com\/index.php\/wp-json\/wp\/v2\/product_cat?post=1238"},{"taxonomy":"product_tag","embeddable":true,"href":"https:\/\/vinosycosas.com\/index.php\/wp-json\/wp\/v2\/product_tag?post=1238"}],"curies":[{"name":"wp","href":"https:\/\/api.w.org\/{rel}","templated":true}]}}