{"id":1343,"date":"2024-11-07T12:45:51","date_gmt":"2024-11-07T15:45:51","guid":{"rendered":"https:\/\/vinosycosas.com\/?post_type=product&#038;p=1343"},"modified":"2024-12-27T10:14:19","modified_gmt":"2024-12-27T13:14:19","slug":"1343","status":"publish","type":"product","link":"https:\/\/vinosycosas.com\/index.php\/product\/1343\/","title":{"rendered":"Universo Paralelo"},"content":{"rendered":"<p>Universo Paralelo es el resultado de la b\u00fasqueda de la expresi\u00f3n singular de parcelas distinguidas. Las uvas, seleccionadas manualmente en vi\u00f1edo, se revelan a trav\u00e9s de microvinificaciones llevadas con detalle, que culminan en barricas de roble franc\u00e9s, elegidas en funci\u00f3n de resaltar las caracter\u00edsticas del terroir.<br \/>\nEsta forma de interpretar la vi\u00f1a nos invita a apreciar y enaltecer los frutos de nuestra tierra y, a su vez, a descubrir nuestro universo paralelo.<\/p>\n","protected":false},"excerpt":{"rendered":"<p>Universo Paralelo es el resultado de la b\u00fasqueda de la expresi\u00f3n singular de parcelas distinguidas. Las uvas, seleccionadas manualmente en vi\u00f1edo, se revelan a trav\u00e9s de microvinificaciones llevadas con detalle, que culminan en barricas de roble franc\u00e9s, elegidas en funci\u00f3n de resaltar las caracter\u00edsticas del terroir. Esta forma de interpretar la vi\u00f1a nos invita a [&hellip;]<\/p>\n","protected":false},"featured_media":1349,"comment_status":"open","ping_status":"closed","template":"","meta":[],"product_brand":[],"product_cat":[24],"product_tag":[],"class_list":{"0":"post-1343","1":"product","2":"type-product","3":"status-publish","4":"has-post-thumbnail","6":"product_cat-vinos","8":"first","9":"instock","10":"shipping-taxable","11":"purchasable","12":"product-type-variable"},"_links":{"self":[{"href":"https:\/\/vinosycosas.com\/index.php\/wp-json\/wp\/v2\/product\/1343"}],"collection":[{"href":"https:\/\/vinosycosas.com\/index.php\/wp-json\/wp\/v2\/product"}],"about":[{"href":"https:\/\/vinosycosas.com\/index.php\/wp-json\/wp\/v2\/types\/product"}],"replies":[{"embeddable":true,"href":"https:\/\/vinosycosas.com\/index.php\/wp-json\/wp\/v2\/comments?post=1343"}],"wp:featuredmedia":[{"embeddable":true,"href":"https:\/\/vinosycosas.com\/index.php\/wp-json\/wp\/v2\/media\/1349"}],"wp:attachment":[{"href":"https:\/\/vinosycosas.com\/index.php\/wp-json\/wp\/v2\/media?parent=1343"}],"wp:term":[{"taxonomy":"product_brand","embeddable":true,"href":"https:\/\/vinosycosas.com\/index.php\/wp-json\/wp\/v2\/product_brand?post=1343"},{"taxonomy":"product_cat","embeddable":true,"href":"https:\/\/vinosycosas.com\/index.php\/wp-json\/wp\/v2\/product_cat?post=1343"},{"taxonomy":"product_tag","embeddable":true,"href":"https:\/\/vinosycosas.com\/index.php\/wp-json\/wp\/v2\/product_tag?post=1343"}],"curies":[{"name":"wp","href":"https:\/\/api.w.org\/{rel}","templated":true}]}}