{"id":1361,"date":"2024-11-26T11:20:51","date_gmt":"2024-11-26T14:20:51","guid":{"rendered":"https:\/\/vinosycosas.com\/?post_type=product&#038;p=1361"},"modified":"2025-02-28T12:30:04","modified_gmt":"2025-02-28T15:30:04","slug":"iris-malbec","status":"publish","type":"product","link":"https:\/\/vinosycosas.com\/index.php\/product\/iris-malbec\/","title":{"rendered":"Iris Malbec"},"content":{"rendered":"<p><strong>Bodega Staphyle<\/strong> es una prestigiosa productora de vinos argentinos, reconocida por su compromiso con la calidad y la expresi\u00f3n de los terroirs mendocinos. <strong>Sus vinos Iris<\/strong> representan la esencia de la frescura y la versatilidad, elaborados con uvas cuidadosamente seleccionadas para reflejar lo mejor de Mendoza. Estos vinos j\u00f3venes, con aromas frutales y florales, son ideales para disfrutar en diversas ocasiones y maridar con una amplia variedad de platos. <strong>Staphyle<\/strong> ofrece una experiencia enol\u00f3gica completa, con vinos de alta gama y la mas alta calidad. <strong>Los vinos Iris<\/strong> son un homenaje al agua y al cielo de Mendoza, representando la m\u00e1xima expresi\u00f3n de los varietales j\u00f3venes y frescos de la bodega.<\/p>\n","protected":false},"excerpt":{"rendered":"<p>Iris representa la expresi\u00f3n m\u00e1xima de nuestra l\u00ednea de varietales j\u00f3venes, frescos, cargados de sabor. Un homenaje al agua y al cielo de nuestra querida Mendoza. Un vino fresco para acompa\u00f1ar todos los momentos de disfrute\u2026 ideal para crear los m\u00e1s innovadores maridajes!<\/p>\n","protected":false},"featured_media":1362,"comment_status":"open","ping_status":"closed","template":"","meta":[],"product_brand":[],"product_cat":[87],"product_tag":[],"class_list":{"0":"post-1361","1":"product","2":"type-product","3":"status-publish","4":"has-post-thumbnail","6":"product_cat-staphyle-vinos","8":"first","9":"instock","10":"shipping-taxable","11":"purchasable","12":"product-type-simple"},"_links":{"self":[{"href":"https:\/\/vinosycosas.com\/index.php\/wp-json\/wp\/v2\/product\/1361"}],"collection":[{"href":"https:\/\/vinosycosas.com\/index.php\/wp-json\/wp\/v2\/product"}],"about":[{"href":"https:\/\/vinosycosas.com\/index.php\/wp-json\/wp\/v2\/types\/product"}],"replies":[{"embeddable":true,"href":"https:\/\/vinosycosas.com\/index.php\/wp-json\/wp\/v2\/comments?post=1361"}],"wp:featuredmedia":[{"embeddable":true,"href":"https:\/\/vinosycosas.com\/index.php\/wp-json\/wp\/v2\/media\/1362"}],"wp:attachment":[{"href":"https:\/\/vinosycosas.com\/index.php\/wp-json\/wp\/v2\/media?parent=1361"}],"wp:term":[{"taxonomy":"product_brand","embeddable":true,"href":"https:\/\/vinosycosas.com\/index.php\/wp-json\/wp\/v2\/product_brand?post=1361"},{"taxonomy":"product_cat","embeddable":true,"href":"https:\/\/vinosycosas.com\/index.php\/wp-json\/wp\/v2\/product_cat?post=1361"},{"taxonomy":"product_tag","embeddable":true,"href":"https:\/\/vinosycosas.com\/index.php\/wp-json\/wp\/v2\/product_tag?post=1361"}],"curies":[{"name":"wp","href":"https:\/\/api.w.org\/{rel}","templated":true}]}}