{"id":1377,"date":"2024-11-26T11:43:51","date_gmt":"2024-11-26T14:43:51","guid":{"rendered":"https:\/\/vinosycosas.com\/?post_type=product&#038;p=1377"},"modified":"2025-02-28T12:27:10","modified_gmt":"2025-02-28T15:27:10","slug":"staphyle-partida-limitada","status":"publish","type":"product","link":"https:\/\/vinosycosas.com\/index.php\/product\/staphyle-partida-limitada\/","title":{"rendered":"Staphyle Partida Limitada"},"content":{"rendered":"<p data-sourcepos=\"5:1-5:363\"><strong>Bodega Staphyle<\/strong> es una destacada productora de vinos argentinos que ha logrado fusionar la tradici\u00f3n vitivin\u00edcola mendocina con las t\u00e9cnicas enol\u00f3gicas m\u00e1s modernas. Fundada con el objetivo de elaborar vinos de alta calidad que reflejen la diversidad de los terroirs mendocinos, <strong>Staphyle<\/strong> se ha consolidado como un referente en la industria vitivin\u00edcola argentina.<\/p>\n<p data-sourcepos=\"7:1-7:404\"><strong>Los vinos Staphyle Partida Limitada<\/strong> representan la b\u00fasqueda constante de la bodega por explorar nuevas expresiones del terroir y las variedades de uva. Cada a\u00f1ada y cada lote de estos vinos es \u00fanico, elaborado con uvas seleccionadas de vi\u00f1edos espec\u00edficos y sometido a procesos de vinificaci\u00f3n exclusivos. Esta filosof\u00eda de producci\u00f3n limitada garantiza la singularidad y la alta calidad de cada botella.<\/p>\n","protected":false},"excerpt":{"rendered":"<p>Bodega Staphyle es una destacada productora de vinos argentinos que ha logrado fusionar la tradici\u00f3n vitivin\u00edcola mendocina con las t\u00e9cnicas enol\u00f3gicas m\u00e1s modernas. Fundada con el objetivo de elaborar vinos de alta calidad que reflejen la diversidad de los terroirs mendocinos, Staphyle se ha consolidado como un referente en la industria vitivin\u00edcola argentina. Los vinos [&hellip;]<\/p>\n","protected":false},"featured_media":1364,"comment_status":"open","ping_status":"closed","template":"","meta":[],"product_brand":[],"product_cat":[87,24],"product_tag":[],"class_list":{"0":"post-1377","1":"product","2":"type-product","3":"status-publish","4":"has-post-thumbnail","6":"product_cat-staphyle-vinos","7":"product_cat-vinos","9":"first","10":"instock","11":"shipping-taxable","12":"purchasable","13":"product-type-variable"},"_links":{"self":[{"href":"https:\/\/vinosycosas.com\/index.php\/wp-json\/wp\/v2\/product\/1377"}],"collection":[{"href":"https:\/\/vinosycosas.com\/index.php\/wp-json\/wp\/v2\/product"}],"about":[{"href":"https:\/\/vinosycosas.com\/index.php\/wp-json\/wp\/v2\/types\/product"}],"replies":[{"embeddable":true,"href":"https:\/\/vinosycosas.com\/index.php\/wp-json\/wp\/v2\/comments?post=1377"}],"wp:featuredmedia":[{"embeddable":true,"href":"https:\/\/vinosycosas.com\/index.php\/wp-json\/wp\/v2\/media\/1364"}],"wp:attachment":[{"href":"https:\/\/vinosycosas.com\/index.php\/wp-json\/wp\/v2\/media?parent=1377"}],"wp:term":[{"taxonomy":"product_brand","embeddable":true,"href":"https:\/\/vinosycosas.com\/index.php\/wp-json\/wp\/v2\/product_brand?post=1377"},{"taxonomy":"product_cat","embeddable":true,"href":"https:\/\/vinosycosas.com\/index.php\/wp-json\/wp\/v2\/product_cat?post=1377"},{"taxonomy":"product_tag","embeddable":true,"href":"https:\/\/vinosycosas.com\/index.php\/wp-json\/wp\/v2\/product_tag?post=1377"}],"curies":[{"name":"wp","href":"https:\/\/api.w.org\/{rel}","templated":true}]}}