{"id":1400,"date":"2025-01-02T11:29:06","date_gmt":"2025-01-02T14:29:06","guid":{"rendered":"https:\/\/vinosycosas.com\/?post_type=product&#038;p=1400"},"modified":"2025-08-14T10:14:37","modified_gmt":"2025-08-14T13:14:37","slug":"maria-codorniu","status":"publish","type":"product","link":"https:\/\/vinosycosas.com\/index.php\/product\/maria-codorniu\/","title":{"rendered":"Mar\u00eda Codorn\u00edu"},"content":{"rendered":"<p>Mar\u00eda Codorn\u00edu es la l\u00ednea de espumantes de Codorn\u00edu en la Argentina. Su elaboraci\u00f3n de estilo europeo recibi\u00f3 el legado \u00fanico de m\u00e1s de 450 a\u00f1os de historia haciendo cavas de la m\u00e1s alta calidad en Espa\u00f1a.<\/p>\n<p>Elaborada a partir de las variedades cl\u00e1sicas -Chardonnay y Pinot Noir-, esta l\u00ednea de espumantes se distingue por su elegancia, expresi\u00f3n de fruta fresca, paladar completo y seductor. Est\u00e1 integrada por un espumante elaborado a trav\u00e9s del\u00a0M\u00e9todo Tradicional, un Brut Nature, un Extra Brut, un Rosat y un Dulce, que son sin\u00f3nimo de disfrute y calidad.<\/p>\n","protected":false},"excerpt":{"rendered":"<p>Mar\u00eda Codorn\u00edu es la l\u00ednea de espumantes de Codorn\u00edu en la Argentina. Su elaboraci\u00f3n de estilo europeo recibi\u00f3 el legado \u00fanico de m\u00e1s de 450 a\u00f1os de historia haciendo cavas de la m\u00e1s alta calidad en Espa\u00f1a. Elaborada a partir de las variedades cl\u00e1sicas -Chardonnay y Pinot Noir-, esta l\u00ednea de espumantes se distingue por [&hellip;]<\/p>\n","protected":false},"featured_media":1413,"comment_status":"open","ping_status":"closed","template":"","meta":[],"product_brand":[],"product_cat":[55],"product_tag":[],"class_list":{"0":"post-1400","1":"product","2":"type-product","3":"status-publish","4":"has-post-thumbnail","6":"product_cat-espumantes","8":"first","9":"instock","10":"shipping-taxable","11":"purchasable","12":"product-type-variable"},"_links":{"self":[{"href":"https:\/\/vinosycosas.com\/index.php\/wp-json\/wp\/v2\/product\/1400"}],"collection":[{"href":"https:\/\/vinosycosas.com\/index.php\/wp-json\/wp\/v2\/product"}],"about":[{"href":"https:\/\/vinosycosas.com\/index.php\/wp-json\/wp\/v2\/types\/product"}],"replies":[{"embeddable":true,"href":"https:\/\/vinosycosas.com\/index.php\/wp-json\/wp\/v2\/comments?post=1400"}],"wp:featuredmedia":[{"embeddable":true,"href":"https:\/\/vinosycosas.com\/index.php\/wp-json\/wp\/v2\/media\/1413"}],"wp:attachment":[{"href":"https:\/\/vinosycosas.com\/index.php\/wp-json\/wp\/v2\/media?parent=1400"}],"wp:term":[{"taxonomy":"product_brand","embeddable":true,"href":"https:\/\/vinosycosas.com\/index.php\/wp-json\/wp\/v2\/product_brand?post=1400"},{"taxonomy":"product_cat","embeddable":true,"href":"https:\/\/vinosycosas.com\/index.php\/wp-json\/wp\/v2\/product_cat?post=1400"},{"taxonomy":"product_tag","embeddable":true,"href":"https:\/\/vinosycosas.com\/index.php\/wp-json\/wp\/v2\/product_tag?post=1400"}],"curies":[{"name":"wp","href":"https:\/\/api.w.org\/{rel}","templated":true}]}}