{"id":1439,"date":"2025-01-21T11:45:56","date_gmt":"2025-01-21T14:45:56","guid":{"rendered":"https:\/\/vinosycosas.com\/?post_type=product&#038;p=1439"},"modified":"2025-02-28T12:32:16","modified_gmt":"2025-02-28T15:32:16","slug":"penedo-borges-cepas","status":"publish","type":"product","link":"https:\/\/vinosycosas.com\/index.php\/product\/penedo-borges-cepas\/","title":{"rendered":"Penedo Borges Cepas"},"content":{"rendered":"<p>Expresa de forma directa y pura la identidad de nuestra Bodega Boutique y del terru\u00f1o privilegiado de Alto Agrelo, donde se ubica nuestro vi\u00f1edo de 48 hect\u00e1reas. Es la manifestaci\u00f3n del balance entre la madurez de la fruta, la elegancia del terroir, su guarda sutil en roble y el trabajo de nuestros en\u00f3logos.<\/p>\n","protected":false},"excerpt":{"rendered":"<p>Expresa de forma directa y pura la identidad de nuestra Bodega Boutique y del terru\u00f1o privilegiado de Alto Agrelo, donde se ubica nuestro vi\u00f1edo de 48 hect\u00e1reas. Es la manifestaci\u00f3n del balance entre la madurez de la fruta, la elegancia del terroir, su guarda sutil en roble y el trabajo de nuestros en\u00f3logos.<\/p>\n","protected":false},"featured_media":1447,"comment_status":"open","ping_status":"closed","template":"","meta":[],"product_brand":[],"product_cat":[24],"product_tag":[],"class_list":{"0":"post-1439","1":"product","2":"type-product","3":"status-publish","4":"has-post-thumbnail","6":"product_cat-vinos","8":"first","9":"instock","10":"shipping-taxable","11":"purchasable","12":"product-type-variable"},"_links":{"self":[{"href":"https:\/\/vinosycosas.com\/index.php\/wp-json\/wp\/v2\/product\/1439"}],"collection":[{"href":"https:\/\/vinosycosas.com\/index.php\/wp-json\/wp\/v2\/product"}],"about":[{"href":"https:\/\/vinosycosas.com\/index.php\/wp-json\/wp\/v2\/types\/product"}],"replies":[{"embeddable":true,"href":"https:\/\/vinosycosas.com\/index.php\/wp-json\/wp\/v2\/comments?post=1439"}],"wp:featuredmedia":[{"embeddable":true,"href":"https:\/\/vinosycosas.com\/index.php\/wp-json\/wp\/v2\/media\/1447"}],"wp:attachment":[{"href":"https:\/\/vinosycosas.com\/index.php\/wp-json\/wp\/v2\/media?parent=1439"}],"wp:term":[{"taxonomy":"product_brand","embeddable":true,"href":"https:\/\/vinosycosas.com\/index.php\/wp-json\/wp\/v2\/product_brand?post=1439"},{"taxonomy":"product_cat","embeddable":true,"href":"https:\/\/vinosycosas.com\/index.php\/wp-json\/wp\/v2\/product_cat?post=1439"},{"taxonomy":"product_tag","embeddable":true,"href":"https:\/\/vinosycosas.com\/index.php\/wp-json\/wp\/v2\/product_tag?post=1439"}],"curies":[{"name":"wp","href":"https:\/\/api.w.org\/{rel}","templated":true}]}}