{"id":1450,"date":"2025-01-21T11:58:08","date_gmt":"2025-01-21T14:58:08","guid":{"rendered":"https:\/\/vinosycosas.com\/?post_type=product&#038;p=1450"},"modified":"2025-02-28T12:31:11","modified_gmt":"2025-02-28T15:31:11","slug":"penedo-borges-prisma","status":"publish","type":"product","link":"https:\/\/vinosycosas.com\/index.php\/product\/penedo-borges-prisma\/","title":{"rendered":"Penedo Borges Prisma"},"content":{"rendered":"<p>Agrelo, geol\u00f3gicamente, se describe como un \u00e1rea de prisma aluvional, con un amplio abanico de perfiles de suelos. Nuestra finca est\u00e1 ubicada en la parte m\u00e1s alta (1050 msnm) de esta representaci\u00f3n, el Alto Agrelo. De nuestros vi\u00f1edos en el prisma aluvial del Alto Agrelo nace la l\u00ednea Prisma y sus vinos llenos de personalidad, equilibrados, intensos y frescos.<\/p>\n","protected":false},"excerpt":{"rendered":"<p>Agrelo, geol\u00f3gicamente, se describe como un \u00e1rea de prisma aluvional, con un amplio abanico de perfiles de suelos. Nuestra finca est\u00e1 ubicada en la parte m\u00e1s alta (1050 msnm) de esta representaci\u00f3n, el Alto Agrelo. De nuestros vi\u00f1edos en el prisma aluvial del Alto Agrelo nace la l\u00ednea Prisma y sus vinos llenos de personalidad, [&hellip;]<\/p>\n","protected":false},"featured_media":1449,"comment_status":"open","ping_status":"closed","template":"","meta":[],"product_brand":[],"product_cat":[24],"product_tag":[],"class_list":{"0":"post-1450","1":"product","2":"type-product","3":"status-publish","4":"has-post-thumbnail","6":"product_cat-vinos","8":"first","9":"instock","10":"shipping-taxable","11":"purchasable","12":"product-type-variable"},"_links":{"self":[{"href":"https:\/\/vinosycosas.com\/index.php\/wp-json\/wp\/v2\/product\/1450"}],"collection":[{"href":"https:\/\/vinosycosas.com\/index.php\/wp-json\/wp\/v2\/product"}],"about":[{"href":"https:\/\/vinosycosas.com\/index.php\/wp-json\/wp\/v2\/types\/product"}],"replies":[{"embeddable":true,"href":"https:\/\/vinosycosas.com\/index.php\/wp-json\/wp\/v2\/comments?post=1450"}],"wp:featuredmedia":[{"embeddable":true,"href":"https:\/\/vinosycosas.com\/index.php\/wp-json\/wp\/v2\/media\/1449"}],"wp:attachment":[{"href":"https:\/\/vinosycosas.com\/index.php\/wp-json\/wp\/v2\/media?parent=1450"}],"wp:term":[{"taxonomy":"product_brand","embeddable":true,"href":"https:\/\/vinosycosas.com\/index.php\/wp-json\/wp\/v2\/product_brand?post=1450"},{"taxonomy":"product_cat","embeddable":true,"href":"https:\/\/vinosycosas.com\/index.php\/wp-json\/wp\/v2\/product_cat?post=1450"},{"taxonomy":"product_tag","embeddable":true,"href":"https:\/\/vinosycosas.com\/index.php\/wp-json\/wp\/v2\/product_tag?post=1450"}],"curies":[{"name":"wp","href":"https:\/\/api.w.org\/{rel}","templated":true}]}}