{"id":811,"date":"2024-08-13T18:43:06","date_gmt":"2024-08-13T21:43:06","guid":{"rendered":"https:\/\/vinosycosas.com\/?post_type=product&#038;p=811"},"modified":"2025-08-14T10:47:49","modified_gmt":"2025-08-14T13:47:49","slug":"finca-las-nubes-dulce-natural","status":"publish","type":"product","link":"https:\/\/vinosycosas.com\/index.php\/product\/finca-las-nubes-dulce-natural\/","title":{"rendered":"Finca las Nubes Dulce Natural"},"content":{"rendered":"<h4>Finca las Nubes<\/h4>\n<p>Nuestros vi\u00f1edos est\u00e1n ubicados en el Valle de Cafayate a 1.800 msnm, en un entorno enmarcado por los cerros de los Valles Calchaqu\u00edes.<br \/>\nEl pedemonte del cerro, es el lugar ideal para el crecimiento de las variedades<br \/>\nMalbec, Cabernet Sauvignon y Torront\u00e9s que conforman la materia prima para los vinos.<\/p>\n","protected":false},"excerpt":{"rendered":"<p>Color amarillo claro con tonos verdosos, fresco en nariz, muy frutado y arom\u00e1tico, recuerda a la uva Torront\u00e9s que le di\u00f3 origen, c\u00edtricos, flores y durazno blanco. Estructurado en boca, fresco, redondo, equilibrado, de final largo y arm\u00f3nico.<\/p>\n","protected":false},"featured_media":807,"comment_status":"open","ping_status":"closed","template":"","meta":[],"product_brand":[],"product_cat":[34,24],"product_tag":[],"class_list":{"0":"post-811","1":"product","2":"type-product","3":"status-publish","4":"has-post-thumbnail","6":"product_cat-dulce","7":"product_cat-vinos","9":"first","10":"instock","11":"shipping-taxable","12":"purchasable","13":"product-type-simple"},"_links":{"self":[{"href":"https:\/\/vinosycosas.com\/index.php\/wp-json\/wp\/v2\/product\/811"}],"collection":[{"href":"https:\/\/vinosycosas.com\/index.php\/wp-json\/wp\/v2\/product"}],"about":[{"href":"https:\/\/vinosycosas.com\/index.php\/wp-json\/wp\/v2\/types\/product"}],"replies":[{"embeddable":true,"href":"https:\/\/vinosycosas.com\/index.php\/wp-json\/wp\/v2\/comments?post=811"}],"wp:featuredmedia":[{"embeddable":true,"href":"https:\/\/vinosycosas.com\/index.php\/wp-json\/wp\/v2\/media\/807"}],"wp:attachment":[{"href":"https:\/\/vinosycosas.com\/index.php\/wp-json\/wp\/v2\/media?parent=811"}],"wp:term":[{"taxonomy":"product_brand","embeddable":true,"href":"https:\/\/vinosycosas.com\/index.php\/wp-json\/wp\/v2\/product_brand?post=811"},{"taxonomy":"product_cat","embeddable":true,"href":"https:\/\/vinosycosas.com\/index.php\/wp-json\/wp\/v2\/product_cat?post=811"},{"taxonomy":"product_tag","embeddable":true,"href":"https:\/\/vinosycosas.com\/index.php\/wp-json\/wp\/v2\/product_tag?post=811"}],"curies":[{"name":"wp","href":"https:\/\/api.w.org\/{rel}","templated":true}]}}