{"id":822,"date":"2024-08-13T19:28:17","date_gmt":"2024-08-13T22:28:17","guid":{"rendered":"https:\/\/vinosycosas.com\/?post_type=product&#038;p=822"},"modified":"2025-08-14T10:46:58","modified_gmt":"2025-08-14T13:46:58","slug":"tukma-altura-2670-blend-de-tintas","status":"publish","type":"product","link":"https:\/\/vinosycosas.com\/index.php\/product\/tukma-altura-2670-blend-de-tintas\/","title":{"rendered":"Tukma Altura 2670 Blend de Tintas"},"content":{"rendered":"<h4>Tukma<\/h4>\n<div><\/div>\n<div>Siglos atr\u00e1s, los Diaguitas denominaban Tukma a su Cacique\u00a0y Tukmanao al territorio bajo su influencia, que abarcaba gran parte del Noroeste argentino. Esa forma de llamar al l\u00edder di\u00f3\u00a0inspiraci\u00f3n al nombre de la bodega.<\/div>\n<p>En el Siglo XV, los Incas ocuparon Tukmanao, d\u00e1ndole\u00a0un fuerte impulso a la agricultura regional. Sus avances fueron aplicados al cultivo de vi\u00f1edos, introducidos desde Europa, a finales del Siglo XVIII.<\/p>\n<p>La filosof\u00eda de Bodega Tukma es producir vinos con identidad propia, respetando la historia y las tradiciones de la regi\u00f3n.\u00a0Se\u00a0basa en terru\u00f1os \u00fanicos, que expresan todo el potencial y la tipicidad de la zona, y los combina con el trabajo de hombres y mujeres, quienes agregan un componente de sofisticaci\u00f3n y autenticidad\u00a0a estos vinos de gran altura.<\/p>\n","protected":false},"excerpt":{"rendered":"<p>Altura 2670 Blend de Tintas<br \/>\nNuestro blend de uvas tintas de extrema altura es elaborado con uvas provenientes de los vi\u00f1edos de Huacalera, paraje ubicado en el coraz\u00f3n de la Quebrada de Humahuaca, Patrimonio de la Humanidad de la Unesco, en la Provincia de Jujuy. Implantados a 2670 metros sobre el nivel del mar, hecho que los sit\u00faa entre los vi\u00f1edos m\u00e1s altos del mundo, producen uvas muy singulares que hacen de nuestro BLEND DE TINTAS un vino muy particular, de gran calidad y fuerte personalidad.<\/p>\n<p>Varietal: 63% Malbec, 26% Merlot, 6% Tannat, 5% Pinot Noir.<\/p>\n<p>Vi\u00f1edo: Micro terroir con vi\u00f1as de 15 a\u00f1os de antig\u00fcedad, ubicados en Huacalera, Departamento Tilcara, Quebrada de Humahuaca, Provincia de Jujuy.<\/p>\n<p>Altura del Vi\u00f1edo: 2.670 msnn.<\/p>\n<p>Notas de cata: Color rojo intenso, con aromas de frutas rojas y negras. Elegante en boca, muy equilibrado y de buena estructura, con taninos maduros que otorgan un final arm\u00f3nico y duradero.<\/p>\n<p>Temperatura de Servicio: 16 a 18\u00b0 C.<\/p>\n<p>Potencial de Guarda: 6-8 a\u00f1os.<\/p>\n<p>Maridaje: Ideal para platos de cocina andina, carnes rojas, aves y quesos semiduros.<\/p>\n","protected":false},"featured_media":817,"comment_status":"open","ping_status":"closed","template":"","meta":[],"product_brand":[],"product_cat":[24],"product_tag":[],"class_list":{"0":"post-822","1":"product","2":"type-product","3":"status-publish","4":"has-post-thumbnail","6":"product_cat-vinos","8":"first","9":"instock","10":"shipping-taxable","11":"purchasable","12":"product-type-simple"},"_links":{"self":[{"href":"https:\/\/vinosycosas.com\/index.php\/wp-json\/wp\/v2\/product\/822"}],"collection":[{"href":"https:\/\/vinosycosas.com\/index.php\/wp-json\/wp\/v2\/product"}],"about":[{"href":"https:\/\/vinosycosas.com\/index.php\/wp-json\/wp\/v2\/types\/product"}],"replies":[{"embeddable":true,"href":"https:\/\/vinosycosas.com\/index.php\/wp-json\/wp\/v2\/comments?post=822"}],"wp:featuredmedia":[{"embeddable":true,"href":"https:\/\/vinosycosas.com\/index.php\/wp-json\/wp\/v2\/media\/817"}],"wp:attachment":[{"href":"https:\/\/vinosycosas.com\/index.php\/wp-json\/wp\/v2\/media?parent=822"}],"wp:term":[{"taxonomy":"product_brand","embeddable":true,"href":"https:\/\/vinosycosas.com\/index.php\/wp-json\/wp\/v2\/product_brand?post=822"},{"taxonomy":"product_cat","embeddable":true,"href":"https:\/\/vinosycosas.com\/index.php\/wp-json\/wp\/v2\/product_cat?post=822"},{"taxonomy":"product_tag","embeddable":true,"href":"https:\/\/vinosycosas.com\/index.php\/wp-json\/wp\/v2\/product_tag?post=822"}],"curies":[{"name":"wp","href":"https:\/\/api.w.org\/{rel}","templated":true}]}}