{"id":835,"date":"2024-08-15T16:51:13","date_gmt":"2024-08-15T19:51:13","guid":{"rendered":"https:\/\/vinosycosas.com\/?post_type=product&#038;p=835"},"modified":"2024-12-17T12:47:02","modified_gmt":"2024-12-17T15:47:02","slug":"trumpeter","status":"publish","type":"product","link":"https:\/\/vinosycosas.com\/index.php\/product\/trumpeter\/","title":{"rendered":"Trumpeter"},"content":{"rendered":"<h4>RUTINI WINES<\/h4>\n<p>Rutini Wines se convierte en 1925 en la primera bodega en plantar vi\u00f1edos en el Valle de Uco, reconocido hoy en el mundo como una de las principales regiones vitivin\u00edcolas de Mendoza y de toda Argentina<br \/>\nRutini Wines cuenta con 255 hect\u00e1reas de vi\u00f1edos, en altitudes que oscilan entre 1.050 y 1.200 metros sobre el nivel del mar. A esta superficie se agregan otras 145 hect\u00e1reas de campos en v\u00edas de implantaci\u00f3n de vides. El equipo dedicado al manejo de vi\u00f1edos se aboca a lograr frutos de primera calidad. Con este objetivo, se restringe el rendimiento de las vides, se mantiene un excelente sistema de riego y se permite que las uvas alcancen un nivel \u00f3ptimo de madurez antes de la cosecha.<\/p>\n","protected":false},"excerpt":{"rendered":"<p>RUTINI WINES Rutini Wines se convierte en 1925 en la primera bodega en plantar vi\u00f1edos en el Valle de Uco, reconocido hoy en el mundo como una de las principales regiones vitivin\u00edcolas de Mendoza y de toda Argentina Rutini Wines cuenta con 255 hect\u00e1reas de vi\u00f1edos, en altitudes que oscilan entre 1.050 y 1.200 metros [&hellip;]<\/p>\n","protected":false},"featured_media":845,"comment_status":"open","ping_status":"closed","template":"","meta":[],"product_brand":[],"product_cat":[56,24],"product_tag":[],"class_list":{"0":"post-835","1":"product","2":"type-product","3":"status-publish","4":"has-post-thumbnail","6":"product_cat-rutini","7":"product_cat-vinos","9":"first","10":"instock","11":"shipping-taxable","12":"purchasable","13":"product-type-variable"},"_links":{"self":[{"href":"https:\/\/vinosycosas.com\/index.php\/wp-json\/wp\/v2\/product\/835"}],"collection":[{"href":"https:\/\/vinosycosas.com\/index.php\/wp-json\/wp\/v2\/product"}],"about":[{"href":"https:\/\/vinosycosas.com\/index.php\/wp-json\/wp\/v2\/types\/product"}],"replies":[{"embeddable":true,"href":"https:\/\/vinosycosas.com\/index.php\/wp-json\/wp\/v2\/comments?post=835"}],"wp:featuredmedia":[{"embeddable":true,"href":"https:\/\/vinosycosas.com\/index.php\/wp-json\/wp\/v2\/media\/845"}],"wp:attachment":[{"href":"https:\/\/vinosycosas.com\/index.php\/wp-json\/wp\/v2\/media?parent=835"}],"wp:term":[{"taxonomy":"product_brand","embeddable":true,"href":"https:\/\/vinosycosas.com\/index.php\/wp-json\/wp\/v2\/product_brand?post=835"},{"taxonomy":"product_cat","embeddable":true,"href":"https:\/\/vinosycosas.com\/index.php\/wp-json\/wp\/v2\/product_cat?post=835"},{"taxonomy":"product_tag","embeddable":true,"href":"https:\/\/vinosycosas.com\/index.php\/wp-json\/wp\/v2\/product_tag?post=835"}],"curies":[{"name":"wp","href":"https:\/\/api.w.org\/{rel}","templated":true}]}}