{"id":884,"date":"2024-08-15T17:43:33","date_gmt":"2024-08-15T20:43:33","guid":{"rendered":"https:\/\/vinosycosas.com\/?post_type=product&#038;p=884"},"modified":"2024-08-15T17:49:51","modified_gmt":"2024-08-15T20:49:51","slug":"jhonnie-walker-black-label","status":"publish","type":"product","link":"https:\/\/vinosycosas.com\/index.php\/product\/jhonnie-walker-black-label\/","title":{"rendered":"Jhonnie Walker Black Label"},"content":{"rendered":"<h4>Johnnie Walker\u200b<\/h4>\n<p>Johnnie Walker\u200b es una marca de whisky escoc\u00e9s que se origin\u00f3 en la ciudad escocesa de Kilmarnock, East Ayrshire. La marca fue establecida por primera vez por el tendero John Walker. Es la marca de whisky escoc\u00e9s blend m\u00e1s ampliamente distribuida en el mundo, vendida en casi todos los pa\u00edses, con ventas anuales equivalentes a m\u00e1s de 223.7 millones de botellas de 700 ml(156.6 millones de litros).<\/p>\n","protected":false},"excerpt":{"rendered":"<h4>Black Label<\/h4>\n<p>Johnnie Walker Black Label es un verdadero \u00edcono. Una mezcla magistral de whiskies de malta y de grano de toda Escocia, a\u00f1ejada durante al menos 12 a\u00f1os. El resultado es un whisky cl\u00e1sico y atemporal con profundidad y equilibrio de sabor. Bebelo solo, con hielo, o en c\u00f3ctel en vaso alto.<\/p>\n","protected":false},"featured_media":879,"comment_status":"open","ping_status":"closed","template":"","meta":[],"product_brand":[],"product_cat":[53,64],"product_tag":[],"class_list":{"0":"post-884","1":"product","2":"type-product","3":"status-publish","4":"has-post-thumbnail","6":"product_cat-destilados","7":"product_cat-whisky","9":"first","10":"instock","11":"shipping-taxable","12":"purchasable","13":"product-type-simple"},"_links":{"self":[{"href":"https:\/\/vinosycosas.com\/index.php\/wp-json\/wp\/v2\/product\/884"}],"collection":[{"href":"https:\/\/vinosycosas.com\/index.php\/wp-json\/wp\/v2\/product"}],"about":[{"href":"https:\/\/vinosycosas.com\/index.php\/wp-json\/wp\/v2\/types\/product"}],"replies":[{"embeddable":true,"href":"https:\/\/vinosycosas.com\/index.php\/wp-json\/wp\/v2\/comments?post=884"}],"wp:featuredmedia":[{"embeddable":true,"href":"https:\/\/vinosycosas.com\/index.php\/wp-json\/wp\/v2\/media\/879"}],"wp:attachment":[{"href":"https:\/\/vinosycosas.com\/index.php\/wp-json\/wp\/v2\/media?parent=884"}],"wp:term":[{"taxonomy":"product_brand","embeddable":true,"href":"https:\/\/vinosycosas.com\/index.php\/wp-json\/wp\/v2\/product_brand?post=884"},{"taxonomy":"product_cat","embeddable":true,"href":"https:\/\/vinosycosas.com\/index.php\/wp-json\/wp\/v2\/product_cat?post=884"},{"taxonomy":"product_tag","embeddable":true,"href":"https:\/\/vinosycosas.com\/index.php\/wp-json\/wp\/v2\/product_tag?post=884"}],"curies":[{"name":"wp","href":"https:\/\/api.w.org\/{rel}","templated":true}]}}