{"id":885,"date":"2024-08-15T17:46:06","date_gmt":"2024-08-15T20:46:06","guid":{"rendered":"https:\/\/vinosycosas.com\/?post_type=product&#038;p=885"},"modified":"2024-08-15T17:49:26","modified_gmt":"2024-08-15T20:49:26","slug":"johnnie-walker-gold-label-reserve","status":"publish","type":"product","link":"https:\/\/vinosycosas.com\/index.php\/product\/johnnie-walker-gold-label-reserve\/","title":{"rendered":"Johnnie Walker Gold Label Reserve"},"content":{"rendered":"<h4>Johnnie Walker<\/h4>\n<p>Johnnie Walker\u200b es una marca de whisky escoc\u00e9s que se origin\u00f3 en la ciudad escocesa de Kilmarnock, East Ayrshire. La marca fue establecida por primera vez por el tendero John Walker. Es la marca de whisky escoc\u00e9s blend m\u00e1s ampliamente distribuida en el mundo, vendida en casi todos los pa\u00edses, con ventas anuales equivalentes a m\u00e1s de 223.7 millones de botellas de 700 ml(156.6 millones de litros).<\/p>\n","protected":false},"excerpt":{"rendered":"<h4>Gold Label Reserve<\/h4>\n<p>Johnnie Walker Gold Label Reserve es un whisky que siempre conserva su autenticidad. Es un Scotch Whisky galardonado elaborado con mezclas elegidas por sus cualidades dulces y melosas. Disfrut\u00e1 de sabores vivos y din\u00e1micos en cada sorbo.<\/p>\n","protected":false},"featured_media":882,"comment_status":"open","ping_status":"closed","template":"","meta":[],"product_brand":[],"product_cat":[53,64],"product_tag":[],"class_list":{"0":"post-885","1":"product","2":"type-product","3":"status-publish","4":"has-post-thumbnail","6":"product_cat-destilados","7":"product_cat-whisky","9":"first","10":"instock","11":"shipping-taxable","12":"purchasable","13":"product-type-simple"},"_links":{"self":[{"href":"https:\/\/vinosycosas.com\/index.php\/wp-json\/wp\/v2\/product\/885"}],"collection":[{"href":"https:\/\/vinosycosas.com\/index.php\/wp-json\/wp\/v2\/product"}],"about":[{"href":"https:\/\/vinosycosas.com\/index.php\/wp-json\/wp\/v2\/types\/product"}],"replies":[{"embeddable":true,"href":"https:\/\/vinosycosas.com\/index.php\/wp-json\/wp\/v2\/comments?post=885"}],"wp:featuredmedia":[{"embeddable":true,"href":"https:\/\/vinosycosas.com\/index.php\/wp-json\/wp\/v2\/media\/882"}],"wp:attachment":[{"href":"https:\/\/vinosycosas.com\/index.php\/wp-json\/wp\/v2\/media?parent=885"}],"wp:term":[{"taxonomy":"product_brand","embeddable":true,"href":"https:\/\/vinosycosas.com\/index.php\/wp-json\/wp\/v2\/product_brand?post=885"},{"taxonomy":"product_cat","embeddable":true,"href":"https:\/\/vinosycosas.com\/index.php\/wp-json\/wp\/v2\/product_cat?post=885"},{"taxonomy":"product_tag","embeddable":true,"href":"https:\/\/vinosycosas.com\/index.php\/wp-json\/wp\/v2\/product_tag?post=885"}],"curies":[{"name":"wp","href":"https:\/\/api.w.org\/{rel}","templated":true}]}}