{"id":898,"date":"2024-08-19T17:34:38","date_gmt":"2024-08-19T20:34:38","guid":{"rendered":"https:\/\/vinosycosas.com\/?post_type=product&#038;p=898"},"modified":"2024-10-15T11:54:58","modified_gmt":"2024-10-15T14:54:58","slug":"gordons-gin","status":"publish","type":"product","link":"https:\/\/vinosycosas.com\/index.php\/product\/gordons-gin\/","title":{"rendered":"Gordon&#8217;s Gin"},"content":{"rendered":"<p>Hace casi 250 a\u00f1os, Alexander Gordon abri\u00f3 su destiler\u00eda en Londres y se dedic\u00f3 a crear la receta de una ginebra de sabor brillante. La alta calidad de Gordon y su distintivo sabor a enebro han llegado a definir el sabor del cl\u00e1sico G&amp;T.<\/p>\n<p>Hoy en d\u00eda, Gordon&#8217;s es una ginebra que se disfruta, no se disecciona. Es la ginebra perfecta para comenzar una noche de viernes o una reuni\u00f3n de martes por la noche con amigos, donde compartimos un momento y nos re\u00edmos con personas que amamos.<\/p>\n","protected":false},"excerpt":{"rendered":"<p>Gordon&#8217;s se trata de una ginebra cl\u00e1sica, de tipo London Dry Gin y de clase Premium con un 37,5% de grado alcoh\u00f3lico. Se obtiene mediante una triple destilaci\u00f3n de bot\u00e1nicos secretos, aunque son apreciables con el gusto y el olfato el enebro, las fresas, los c\u00edtricos, y algunas hierbas y especias.La receta con la que se elabora Gordon&#8217;s Gin data del a\u00f1o 1769, cuando un terrateniente de origen escoc\u00e9s llamado Alexander Gordon la cre\u00f3 y la empez\u00f3 a utilizar en la destiler\u00eda que fund\u00f3 en el sur de Londres ese mismo a\u00f1o. Alexander, llam\u00f3 a la ginebra Gordon&#8217;s que produjo Gordon&#8217;s London Dry Gin, y desde entonces, London Dry Gin se ha utilizado como nombre para un determinado tipo de ginebra elaborado en la ciudad de Londres. Gordon&#8217;s pronto se export\u00f3 a las colonias inglesas y gracias a ello, a d\u00eda de hoy es una de las ginebras m\u00e1s conocidas del mundo.<\/p>\n","protected":false},"featured_media":905,"comment_status":"open","ping_status":"closed","template":"","meta":[],"product_brand":[],"product_cat":[53,73],"product_tag":[],"class_list":{"0":"post-898","1":"product","2":"type-product","3":"status-publish","4":"has-post-thumbnail","6":"product_cat-destilados","7":"product_cat-gin","9":"first","10":"instock","11":"shipping-taxable","12":"purchasable","13":"product-type-simple"},"_links":{"self":[{"href":"https:\/\/vinosycosas.com\/index.php\/wp-json\/wp\/v2\/product\/898"}],"collection":[{"href":"https:\/\/vinosycosas.com\/index.php\/wp-json\/wp\/v2\/product"}],"about":[{"href":"https:\/\/vinosycosas.com\/index.php\/wp-json\/wp\/v2\/types\/product"}],"replies":[{"embeddable":true,"href":"https:\/\/vinosycosas.com\/index.php\/wp-json\/wp\/v2\/comments?post=898"}],"wp:featuredmedia":[{"embeddable":true,"href":"https:\/\/vinosycosas.com\/index.php\/wp-json\/wp\/v2\/media\/905"}],"wp:attachment":[{"href":"https:\/\/vinosycosas.com\/index.php\/wp-json\/wp\/v2\/media?parent=898"}],"wp:term":[{"taxonomy":"product_brand","embeddable":true,"href":"https:\/\/vinosycosas.com\/index.php\/wp-json\/wp\/v2\/product_brand?post=898"},{"taxonomy":"product_cat","embeddable":true,"href":"https:\/\/vinosycosas.com\/index.php\/wp-json\/wp\/v2\/product_cat?post=898"},{"taxonomy":"product_tag","embeddable":true,"href":"https:\/\/vinosycosas.com\/index.php\/wp-json\/wp\/v2\/product_tag?post=898"}],"curies":[{"name":"wp","href":"https:\/\/api.w.org\/{rel}","templated":true}]}}