{"id":913,"date":"2024-08-19T17:37:33","date_gmt":"2024-08-19T20:37:33","guid":{"rendered":"https:\/\/vinosycosas.com\/?post_type=product&#038;p=913"},"modified":"2024-10-15T11:54:13","modified_gmt":"2024-10-15T14:54:13","slug":"heraclito-gin","status":"publish","type":"product","link":"https:\/\/vinosycosas.com\/index.php\/product\/heraclito-gin\/","title":{"rendered":"Heraclito Gin"},"content":{"rendered":"<p>Respetando las t\u00e9cnicas m\u00e1s antiguas y tradicionales de destilaci\u00f3n, este gin es un homenaje al cl\u00e1sico gin, desde nuestro pa\u00eds, nace este London Dry Gin destilado en Buenos Aires, Argentina. Este Gin est\u00e1 compuesto por 13 bot\u00e1nicos. Arom\u00e1ticamente brinda una salida firme de enebro y coriandro que se combina con notas c\u00edtricas provenientes de componentes como el lim\u00f3n, la lima y la naranja Curazao. En Boca, es aterciopelado, con buen volumen y surgen algunas notas complejas donde se destaca la menta y el romero.<\/p>\n","protected":false},"excerpt":{"rendered":"<p>Heraclito London Dry Gin incluye enebro, cilantro, ra\u00edz de ang\u00e9lica, regaliz, cassia, cardamomo, ra\u00edz de orris y naranja dulce, entre otros ingredientes. Se destila en alambiques de cobre y se embotella a 40% de volumen de alcohol. Se puede disfrutar solo o mezclado con t\u00f3nica y adornado con una rodaja de lim\u00f3n o naranja.<\/p>\n<p>&nbsp;<\/p>\n","protected":false},"featured_media":906,"comment_status":"open","ping_status":"closed","template":"","meta":[],"product_brand":[],"product_cat":[53,73],"product_tag":[],"class_list":{"0":"post-913","1":"product","2":"type-product","3":"status-publish","4":"has-post-thumbnail","6":"product_cat-destilados","7":"product_cat-gin","9":"first","10":"instock","11":"shipping-taxable","12":"purchasable","13":"product-type-simple"},"_links":{"self":[{"href":"https:\/\/vinosycosas.com\/index.php\/wp-json\/wp\/v2\/product\/913"}],"collection":[{"href":"https:\/\/vinosycosas.com\/index.php\/wp-json\/wp\/v2\/product"}],"about":[{"href":"https:\/\/vinosycosas.com\/index.php\/wp-json\/wp\/v2\/types\/product"}],"replies":[{"embeddable":true,"href":"https:\/\/vinosycosas.com\/index.php\/wp-json\/wp\/v2\/comments?post=913"}],"wp:featuredmedia":[{"embeddable":true,"href":"https:\/\/vinosycosas.com\/index.php\/wp-json\/wp\/v2\/media\/906"}],"wp:attachment":[{"href":"https:\/\/vinosycosas.com\/index.php\/wp-json\/wp\/v2\/media?parent=913"}],"wp:term":[{"taxonomy":"product_brand","embeddable":true,"href":"https:\/\/vinosycosas.com\/index.php\/wp-json\/wp\/v2\/product_brand?post=913"},{"taxonomy":"product_cat","embeddable":true,"href":"https:\/\/vinosycosas.com\/index.php\/wp-json\/wp\/v2\/product_cat?post=913"},{"taxonomy":"product_tag","embeddable":true,"href":"https:\/\/vinosycosas.com\/index.php\/wp-json\/wp\/v2\/product_tag?post=913"}],"curies":[{"name":"wp","href":"https:\/\/api.w.org\/{rel}","templated":true}]}}