{"id":914,"date":"2024-08-19T17:44:12","date_gmt":"2024-08-19T20:44:12","guid":{"rendered":"https:\/\/vinosycosas.com\/?post_type=product&#038;p=914"},"modified":"2025-11-28T12:28:20","modified_gmt":"2025-11-28T15:28:20","slug":"alma-gin","status":"publish","type":"product","link":"https:\/\/vinosycosas.com\/index.php\/product\/alma-gin\/","title":{"rendered":"Alma Gin"},"content":{"rendered":"<p>Elaborador: Alma Distillers<br \/>\nMarca: Alma Gin<br \/>\nTipo: London Dry Gin<br \/>\nGrado alcoh\u00f3lico: 40% Alc. Vol.<br \/>\nProcedencia: Buenos Aires, Argentina<br \/>\nDestilaci\u00f3n: En alambique nacional<br \/>\nCantidad de Bot\u00e1nicos: 16<br \/>\nBot\u00e1nicos: Enebro de Patagonia, Enebro de Macedonia,<br \/>\nCoriandro, Cardamomo, Pimienta de Jamaica, Pimienta<br \/>\nnegra, Pimienta Rosa, Pepino, Canela en rama, Ang\u00e9lica<br \/>\nRa\u00edz, An\u00eds estrella, Piel de Lim\u00f3n, Piel de Naranja, P\u00e9talos<br \/>\nde rosa, Almendra, Romero.<\/p>\n<p>El proceso de elaboraci\u00f3n se inicia con la maceraci\u00f3n de los<br \/>\nbot\u00e1nicos en alcohol tridestilado de cereal de primera calidad<br \/>\npor el plazo establecido en nuestra receta. Algunos bot\u00e1nicos<br \/>\nson macerados de forma individual y otros de forma<br \/>\ncombinada; asimismo, algunos de ellos son incorporados al<br \/>\nalambique para infusionar por arrastre de vapor.<br \/>\nEl producido luego de la destilaci\u00f3n se dejar\u00e1 reposar, para<br \/>\nluego ser hidratado con el agua m\u00e1s pura previo a ser<br \/>\nembotellado. El producto final permanecer\u00e1 embotellado por<br \/>\nal menos dos semanas previo a su comercializaci\u00f3n.-<\/p>\n","protected":false},"excerpt":{"rendered":"<p>N\u00edtido, de cuerpo suave y sedoso en paladar, con buena aromatizaci\u00f3n entre el alcohol y los bot\u00e1nicos, predominando en el olfato un aroma Dulce.<\/p>\n","protected":false},"featured_media":901,"comment_status":"open","ping_status":"closed","template":"","meta":[],"product_brand":[],"product_cat":[53,73],"product_tag":[],"class_list":{"0":"post-914","1":"product","2":"type-product","3":"status-publish","4":"has-post-thumbnail","6":"product_cat-destilados","7":"product_cat-gin","9":"first","10":"instock","11":"shipping-taxable","12":"purchasable","13":"product-type-simple"},"_links":{"self":[{"href":"https:\/\/vinosycosas.com\/index.php\/wp-json\/wp\/v2\/product\/914"}],"collection":[{"href":"https:\/\/vinosycosas.com\/index.php\/wp-json\/wp\/v2\/product"}],"about":[{"href":"https:\/\/vinosycosas.com\/index.php\/wp-json\/wp\/v2\/types\/product"}],"replies":[{"embeddable":true,"href":"https:\/\/vinosycosas.com\/index.php\/wp-json\/wp\/v2\/comments?post=914"}],"wp:featuredmedia":[{"embeddable":true,"href":"https:\/\/vinosycosas.com\/index.php\/wp-json\/wp\/v2\/media\/901"}],"wp:attachment":[{"href":"https:\/\/vinosycosas.com\/index.php\/wp-json\/wp\/v2\/media?parent=914"}],"wp:term":[{"taxonomy":"product_brand","embeddable":true,"href":"https:\/\/vinosycosas.com\/index.php\/wp-json\/wp\/v2\/product_brand?post=914"},{"taxonomy":"product_cat","embeddable":true,"href":"https:\/\/vinosycosas.com\/index.php\/wp-json\/wp\/v2\/product_cat?post=914"},{"taxonomy":"product_tag","embeddable":true,"href":"https:\/\/vinosycosas.com\/index.php\/wp-json\/wp\/v2\/product_tag?post=914"}],"curies":[{"name":"wp","href":"https:\/\/api.w.org\/{rel}","templated":true}]}}