{"id":916,"date":"2024-08-19T17:52:37","date_gmt":"2024-08-19T20:52:37","guid":{"rendered":"https:\/\/vinosycosas.com\/?post_type=product&#038;p=916"},"modified":"2024-08-19T17:52:37","modified_gmt":"2024-08-19T20:52:37","slug":"tanqueray-dry-gin","status":"publish","type":"product","link":"https:\/\/vinosycosas.com\/index.php\/product\/tanqueray-dry-gin\/","title":{"rendered":"Tanqueray Dry Gin"},"content":{"rendered":"<p>Desde su creaci\u00f3n por Charles Tanqueray en la d\u00e9cada de 1830, la ginebra Tanqueray London Dry Gin siempre ha utilizado la misma receta galardonada* y se elabora con los cuatro ingredientes bot\u00e1nicos cl\u00e1sicos de la ginebra: enebro con aroma a pino, cilantro especiado, ang\u00e9lica arom\u00e1tica y regaliz dulce. La ic\u00f3nica botella, que sigue el modelo de la popular coctelera de tres piezas de la \u00e9poca de la ley seca, personifica la vibrante elegancia de los \u00ablocos a\u00f1os 20\u00bb. La pi\u00f1a era el s\u00edmbolo por excelencia de la hospitalidad en la Inglaterra de 1830, por eso aparece en el escudo de la familia Tanqueray y adorna todas las botellas de la marca.<\/p>\n<p>La mejor manera de disfrutar de la ginebra Tanqueray London Dry Gin es con mucho hielo, t\u00f3nica de primera calidad y adornada con una rodaja de lima, pero tambi\u00e9n es una gran base para una amplia gama de c\u00f3cteles.<\/p>\n<p>*\u00a0Premio London Dry Gold Award en los World Gin Awards 2019, ginebra n.\u00ba\u00a01 en ventas. Informe de la marca Drinks International 2019 y 2020.<\/p>\n","protected":false},"excerpt":{"rendered":"<p>Tanqueray London Dry Gin es una Ginebra atemporal creada en 1830 por Charles Tanqueray, de origen ingl\u00e9s, y continuada en Escocia por sus descendientes.<\/p>\n<p>Esta Ginebra y su f\u00e1brica soportaron los bombardeos de Londres en la segunda guerra mundial, pero ello dej\u00f3 un efecto devastador, reduciendo todos sus edificios salvo uno. Se continu\u00f3 elaborando en Escocia, donde ha permanecido hasta el d\u00eda de hoy.<\/p>\n<p>Hoy Tanqueray es una de las marcas l\u00edderes de Ginebra en todo el mundo. Elaborada a partir de alcohol de doble grano con cuatro bot\u00e1nicos: ang\u00e9lica, regaliz, cilantro y enebro, en una proporci\u00f3n, evidentemente, secreta.<\/p>\n","protected":false},"featured_media":910,"comment_status":"open","ping_status":"closed","template":"","meta":[],"product_brand":[],"product_cat":[53,73],"product_tag":[],"class_list":{"0":"post-916","1":"product","2":"type-product","3":"status-publish","4":"has-post-thumbnail","6":"product_cat-destilados","7":"product_cat-gin","9":"first","10":"instock","11":"shipping-taxable","12":"purchasable","13":"product-type-simple"},"_links":{"self":[{"href":"https:\/\/vinosycosas.com\/index.php\/wp-json\/wp\/v2\/product\/916"}],"collection":[{"href":"https:\/\/vinosycosas.com\/index.php\/wp-json\/wp\/v2\/product"}],"about":[{"href":"https:\/\/vinosycosas.com\/index.php\/wp-json\/wp\/v2\/types\/product"}],"replies":[{"embeddable":true,"href":"https:\/\/vinosycosas.com\/index.php\/wp-json\/wp\/v2\/comments?post=916"}],"wp:featuredmedia":[{"embeddable":true,"href":"https:\/\/vinosycosas.com\/index.php\/wp-json\/wp\/v2\/media\/910"}],"wp:attachment":[{"href":"https:\/\/vinosycosas.com\/index.php\/wp-json\/wp\/v2\/media?parent=916"}],"wp:term":[{"taxonomy":"product_brand","embeddable":true,"href":"https:\/\/vinosycosas.com\/index.php\/wp-json\/wp\/v2\/product_brand?post=916"},{"taxonomy":"product_cat","embeddable":true,"href":"https:\/\/vinosycosas.com\/index.php\/wp-json\/wp\/v2\/product_cat?post=916"},{"taxonomy":"product_tag","embeddable":true,"href":"https:\/\/vinosycosas.com\/index.php\/wp-json\/wp\/v2\/product_tag?post=916"}],"curies":[{"name":"wp","href":"https:\/\/api.w.org\/{rel}","templated":true}]}}