{"id":917,"date":"2024-08-19T18:16:07","date_gmt":"2024-08-19T21:16:07","guid":{"rendered":"https:\/\/vinosycosas.com\/?post_type=product&#038;p=917"},"modified":"2024-08-19T18:16:07","modified_gmt":"2024-08-19T21:16:07","slug":"tanqueray-sevilla","status":"publish","type":"product","link":"https:\/\/vinosycosas.com\/index.php\/product\/tanqueray-sevilla\/","title":{"rendered":"Tanqueray Sevilla"},"content":{"rendered":"<p>La ginebra Tanqueray Flor de Sevilla Distilled Gin es una ginebra \u00e1cida y afrutada, que ofrece el sabor intenso y agridulce del soleado clima mediterr\u00e1neo. Las naranjas de Sevilla se destilan junto con flor de azahar y los cuatro ingredientes bot\u00e1nicos de nuestra ginebra cl\u00e1sica London Dry \u2014el enebro con aroma a pino, el cilantro especiado, la ang\u00e9lica arom\u00e1tica y el regaliz dulce\u2014 para obtener un sabor equilibrado y afrutado. Las aventuras andaluzas de Charles Tanqueray, que le llevaron a los naranjos de Sevilla en la d\u00e9cada de 1860, inspiraron la creaci\u00f3n de esta ginebra aut\u00e9nticamente \u00fanica y galardonada.*<\/p>\n<p>La manera ideal de disfrutar de la ginebra Tanqueray Flor de Sevilla Distilled Gin es con mucho hielo, t\u00f3nica de primera calidad y una rodaja de naranja.<\/p>\n<p>*\u00a0Medalla de plata, San Francisco Spirits Awards 2019. Medalla de bronce, San Francisco Spirits Awards 2020.<\/p>\n","protected":false},"excerpt":{"rendered":"<div class=\"js-product-left-col span7 p-relative\" data-store=\"product-image-95216445\">\n<div class=\"description product-description product-description-desktop visible-when-content-ready user-content clear-both hidden-phone pull-left m-top\" data-store=\"product-description-95216445\">Tanqueray Flor de Sevilla es una ginebra elaborada con naranjas de Sevilla, flores de azahar, bot\u00e1nicos y color natural para ofrecer un sabor c\u00edtrico, afrutado y chispeante que se matiza con el aroma equilibrado de los 4 bot\u00e1nicos de nuestra ginebra London Dry.<\/div>\n<\/div>\n<div class=\"js-product-right-col span5\" data-store=\"product-info-95216445\">\n<div class=\"product-form-container\">\n<div class=\"js-product-name-price-container row-fluid\">\n<div class=\"span12\">\n<div class=\"title m-top-xs full-width\"><\/div>\n<\/div>\n<\/div>\n<\/div>\n<\/div>\n","protected":false},"featured_media":912,"comment_status":"open","ping_status":"closed","template":"","meta":[],"product_brand":[],"product_cat":[53,73],"product_tag":[],"class_list":{"0":"post-917","1":"product","2":"type-product","3":"status-publish","4":"has-post-thumbnail","6":"product_cat-destilados","7":"product_cat-gin","9":"first","10":"instock","11":"shipping-taxable","12":"purchasable","13":"product-type-simple"},"_links":{"self":[{"href":"https:\/\/vinosycosas.com\/index.php\/wp-json\/wp\/v2\/product\/917"}],"collection":[{"href":"https:\/\/vinosycosas.com\/index.php\/wp-json\/wp\/v2\/product"}],"about":[{"href":"https:\/\/vinosycosas.com\/index.php\/wp-json\/wp\/v2\/types\/product"}],"replies":[{"embeddable":true,"href":"https:\/\/vinosycosas.com\/index.php\/wp-json\/wp\/v2\/comments?post=917"}],"wp:featuredmedia":[{"embeddable":true,"href":"https:\/\/vinosycosas.com\/index.php\/wp-json\/wp\/v2\/media\/912"}],"wp:attachment":[{"href":"https:\/\/vinosycosas.com\/index.php\/wp-json\/wp\/v2\/media?parent=917"}],"wp:term":[{"taxonomy":"product_brand","embeddable":true,"href":"https:\/\/vinosycosas.com\/index.php\/wp-json\/wp\/v2\/product_brand?post=917"},{"taxonomy":"product_cat","embeddable":true,"href":"https:\/\/vinosycosas.com\/index.php\/wp-json\/wp\/v2\/product_cat?post=917"},{"taxonomy":"product_tag","embeddable":true,"href":"https:\/\/vinosycosas.com\/index.php\/wp-json\/wp\/v2\/product_tag?post=917"}],"curies":[{"name":"wp","href":"https:\/\/api.w.org\/{rel}","templated":true}]}}