{"id":918,"date":"2024-08-19T18:20:19","date_gmt":"2024-08-19T21:20:19","guid":{"rendered":"https:\/\/vinosycosas.com\/?post_type=product&#038;p=918"},"modified":"2024-08-19T18:20:19","modified_gmt":"2024-08-19T21:20:19","slug":"tanqueray-dark-berry-royale","status":"publish","type":"product","link":"https:\/\/vinosycosas.com\/index.php\/product\/tanqueray-dark-berry-royale\/","title":{"rendered":"Tanqueray Dark Berry Royale"},"content":{"rendered":"<p>Inspirada en la herencia francesa y los viajes de Charles Tanqueray durante la d\u00e9cada de 1840, esta ginebra brinda un sabor profundo y delicioso que evoca la audacia del propio Charles, as\u00ed como el misterio y la decadencia de Francia.<\/p>\n<p>Combina jugosas grosellas negras con delicada vainilla para un sabor verdaderamente suntuoso. Con toques de orqu\u00eddea negra, se destila solo con las mejores grosellas negras francesas, vainilla y los cuatro ingredientes bot\u00e1nicos cl\u00e1sicos de London Dry: enebro de pino, cilantro picante, ang\u00e9lica arom\u00e1tica y regaliz dulce.<\/p>\n<p>Se disfruta mejor con mucho hielo, limonada, una rodaja de lim\u00f3n y un pu\u00f1ado de bayas oscuras.<\/p>\n","protected":false},"excerpt":{"rendered":"<div>El \u00faltimo lanzamiento de Tanqueray. Tanqueray Dark Berry Royale es una ginebra elaborada con cassis franc\u00e9s y sutiles notas de vainilla, que da como resultado un gin rico y frutado con una dulzura sutil y equilibrada. Su composici\u00f3n a\u00fan mantiene los cuatro bot\u00e1nicos cl\u00e1sicos de la cl\u00e1sica London Dry, d\u00e1ndole un toque especial y \u00fanico.<\/div>\n<div><\/div>\n<div><strong>Graduaci\u00f3n Alcoh\u00f3lica<\/strong>: 41.3%<\/div>\n","protected":false},"featured_media":911,"comment_status":"open","ping_status":"closed","template":"","meta":[],"product_brand":[],"product_cat":[53,73],"product_tag":[],"class_list":{"0":"post-918","1":"product","2":"type-product","3":"status-publish","4":"has-post-thumbnail","6":"product_cat-destilados","7":"product_cat-gin","9":"first","10":"instock","11":"shipping-taxable","12":"purchasable","13":"product-type-simple"},"_links":{"self":[{"href":"https:\/\/vinosycosas.com\/index.php\/wp-json\/wp\/v2\/product\/918"}],"collection":[{"href":"https:\/\/vinosycosas.com\/index.php\/wp-json\/wp\/v2\/product"}],"about":[{"href":"https:\/\/vinosycosas.com\/index.php\/wp-json\/wp\/v2\/types\/product"}],"replies":[{"embeddable":true,"href":"https:\/\/vinosycosas.com\/index.php\/wp-json\/wp\/v2\/comments?post=918"}],"wp:featuredmedia":[{"embeddable":true,"href":"https:\/\/vinosycosas.com\/index.php\/wp-json\/wp\/v2\/media\/911"}],"wp:attachment":[{"href":"https:\/\/vinosycosas.com\/index.php\/wp-json\/wp\/v2\/media?parent=918"}],"wp:term":[{"taxonomy":"product_brand","embeddable":true,"href":"https:\/\/vinosycosas.com\/index.php\/wp-json\/wp\/v2\/product_brand?post=918"},{"taxonomy":"product_cat","embeddable":true,"href":"https:\/\/vinosycosas.com\/index.php\/wp-json\/wp\/v2\/product_cat?post=918"},{"taxonomy":"product_tag","embeddable":true,"href":"https:\/\/vinosycosas.com\/index.php\/wp-json\/wp\/v2\/product_tag?post=918"}],"curies":[{"name":"wp","href":"https:\/\/api.w.org\/{rel}","templated":true}]}}