{"id":919,"date":"2024-08-19T18:25:14","date_gmt":"2024-08-19T21:25:14","guid":{"rendered":"https:\/\/vinosycosas.com\/?post_type=product&#038;p=919"},"modified":"2024-08-19T18:25:14","modified_gmt":"2024-08-19T21:25:14","slug":"bulldog-gin","status":"publish","type":"product","link":"https:\/\/vinosycosas.com\/index.php\/product\/bulldog-gin\/","title":{"rendered":"Bulldog Gin"},"content":{"rendered":"<p>La\u00a0historia de BULLDOG London Dry\u00a0Gin se inicia en 2007 gracias a la ambici\u00f3n incansable, el esp\u00edritu y la determinaci\u00f3n de un emprendedor estadounidense. En medio del bullicio y la vibrante vida de Nueva York, utiliz\u00f3 su ingenio para revitalizar el mundo de la ginebra. Su visi\u00f3n consist\u00eda en crear la primera ginebra moderna, liberarla de las expectativas de la categor\u00eda y darle un nuevo sabor con una personalidad atrevida.<\/p>\n<p>Inspirada por el dinamismo de Nueva York, la marca se lanz\u00f3 primero en Estados Unidos. Dos a\u00f1os despu\u00e9s, gracias al resurgir de la ginebra en Espa\u00f1a a principios de los a\u00f1os dos mil, BULLDOG London Dry Gin cruz\u00f3 el charco y comenz\u00f3 su expansi\u00f3n por Europa para captar la atenci\u00f3n del curioso p\u00fablico europeo.<\/p>\n<p>En 2015, BULLDOG se convirti\u00f3 en una ginebra reconocida internacionalmente presente en m\u00e1s de 55 pa\u00edses.<\/p>\n<p>&nbsp;<\/p>\n","protected":false},"excerpt":{"rendered":"<p>La ginebra BULLDOG\u00a0es una interpretaci\u00f3n moderna y pr\u00e9mium de una London Dry Gin, que pretende romper con los convencionalismos, renovando esta cl\u00e1sica bebida.\u00a0El sabor suave de bulldog London Dry Gin\u00a0se obtiene gracias a la mezcla equilibrada de doce ingredientes bot\u00e1nicos ex\u00f3ticos de todo el mundo.<\/p>\n<p>La receta \u00fanica de la ginebra BULLDOG utiliza\u00a0doce ingredientes bot\u00e1nicos combinados de manera experta para crear una\u00a0London Dry Gin de lo m\u00e1s vers\u00e1til.<br \/>\nPara elaborar una ginebra as\u00ed de suave se requieren ingredientes atrevidos.<\/p>\n","protected":false},"featured_media":904,"comment_status":"open","ping_status":"closed","template":"","meta":[],"product_brand":[],"product_cat":[53,73],"product_tag":[],"class_list":{"0":"post-919","1":"product","2":"type-product","3":"status-publish","4":"has-post-thumbnail","6":"product_cat-destilados","7":"product_cat-gin","9":"first","10":"instock","11":"shipping-taxable","12":"purchasable","13":"product-type-simple"},"_links":{"self":[{"href":"https:\/\/vinosycosas.com\/index.php\/wp-json\/wp\/v2\/product\/919"}],"collection":[{"href":"https:\/\/vinosycosas.com\/index.php\/wp-json\/wp\/v2\/product"}],"about":[{"href":"https:\/\/vinosycosas.com\/index.php\/wp-json\/wp\/v2\/types\/product"}],"replies":[{"embeddable":true,"href":"https:\/\/vinosycosas.com\/index.php\/wp-json\/wp\/v2\/comments?post=919"}],"wp:featuredmedia":[{"embeddable":true,"href":"https:\/\/vinosycosas.com\/index.php\/wp-json\/wp\/v2\/media\/904"}],"wp:attachment":[{"href":"https:\/\/vinosycosas.com\/index.php\/wp-json\/wp\/v2\/media?parent=919"}],"wp:term":[{"taxonomy":"product_brand","embeddable":true,"href":"https:\/\/vinosycosas.com\/index.php\/wp-json\/wp\/v2\/product_brand?post=919"},{"taxonomy":"product_cat","embeddable":true,"href":"https:\/\/vinosycosas.com\/index.php\/wp-json\/wp\/v2\/product_cat?post=919"},{"taxonomy":"product_tag","embeddable":true,"href":"https:\/\/vinosycosas.com\/index.php\/wp-json\/wp\/v2\/product_tag?post=919"}],"curies":[{"name":"wp","href":"https:\/\/api.w.org\/{rel}","templated":true}]}}