{"id":920,"date":"2024-08-19T18:28:44","date_gmt":"2024-08-19T21:28:44","guid":{"rendered":"https:\/\/vinosycosas.com\/?post_type=product&#038;p=920"},"modified":"2024-08-19T18:28:44","modified_gmt":"2024-08-19T21:28:44","slug":"bombay-gin","status":"publish","type":"product","link":"https:\/\/vinosycosas.com\/index.php\/product\/bombay-gin\/","title":{"rendered":"Bombay Gin"},"content":{"rendered":"<p>Sabemos que para crear el mejor gin posible hace falta contar con ingredientes base de la m\u00e1s alta calidad. Por eso, durante el proceso de destilaci\u00f3n, utilizamos hasta 12\u00a0preciosos extractos de hierbas que colgamos sobre el destilado en canastas de cobre perforadas. As\u00ed, los vapores que desprende el destilado al calentarse se infunden delicadamente con todos los ricos sabores arom\u00e1ticos provenientes de nuestros extractos de hierbas.<\/p>\n<p>Cada uno de nuestros diez preciosos elementos bot\u00e1nicos, desde la ardiente pimienta cubeba de Marruecos hasta los especiosos granos del para\u00edso de \u00c1frica occidental, fueron seleccionados para aportar esa esencia propia muy especial a nuestra ginebra. Mediante un proceso de destilaci\u00f3n \u00fanico en su tipo, los combinamos para dar a Bombay\u00a0Sapphire su sabor seductor, suave y complejo.<\/p>\n","protected":false},"excerpt":{"rendered":"<p>Nuestro gin, famoso alrededor del mundo por su caracter\u00edstica botella azul. Cada gota contiene 10\u00a0extractos de hierbas seleccionados a mano, provenientes de lugares ex\u00f3ticos de todo el mundo.<\/p>\n","protected":false},"featured_media":902,"comment_status":"open","ping_status":"closed","template":"","meta":[],"product_brand":[],"product_cat":[53,73],"product_tag":[],"class_list":{"0":"post-920","1":"product","2":"type-product","3":"status-publish","4":"has-post-thumbnail","6":"product_cat-destilados","7":"product_cat-gin","9":"first","10":"instock","11":"shipping-taxable","12":"purchasable","13":"product-type-simple"},"_links":{"self":[{"href":"https:\/\/vinosycosas.com\/index.php\/wp-json\/wp\/v2\/product\/920"}],"collection":[{"href":"https:\/\/vinosycosas.com\/index.php\/wp-json\/wp\/v2\/product"}],"about":[{"href":"https:\/\/vinosycosas.com\/index.php\/wp-json\/wp\/v2\/types\/product"}],"replies":[{"embeddable":true,"href":"https:\/\/vinosycosas.com\/index.php\/wp-json\/wp\/v2\/comments?post=920"}],"wp:featuredmedia":[{"embeddable":true,"href":"https:\/\/vinosycosas.com\/index.php\/wp-json\/wp\/v2\/media\/902"}],"wp:attachment":[{"href":"https:\/\/vinosycosas.com\/index.php\/wp-json\/wp\/v2\/media?parent=920"}],"wp:term":[{"taxonomy":"product_brand","embeddable":true,"href":"https:\/\/vinosycosas.com\/index.php\/wp-json\/wp\/v2\/product_brand?post=920"},{"taxonomy":"product_cat","embeddable":true,"href":"https:\/\/vinosycosas.com\/index.php\/wp-json\/wp\/v2\/product_cat?post=920"},{"taxonomy":"product_tag","embeddable":true,"href":"https:\/\/vinosycosas.com\/index.php\/wp-json\/wp\/v2\/product_tag?post=920"}],"curies":[{"name":"wp","href":"https:\/\/api.w.org\/{rel}","templated":true}]}}