{"id":921,"date":"2024-08-19T18:32:40","date_gmt":"2024-08-19T21:32:40","guid":{"rendered":"https:\/\/vinosycosas.com\/?post_type=product&#038;p=921"},"modified":"2024-08-30T12:17:51","modified_gmt":"2024-08-30T15:17:51","slug":"921","status":"publish","type":"product","link":"https:\/\/vinosycosas.com\/index.php\/product\/921\/","title":{"rendered":"Broker&#8217;s"},"content":{"rendered":"<p>Lanzada en 1998 por Andy y Martin Dawson, quienes tuvieron la visi\u00f3n de crear una ginebra seca londinense cl\u00e1sica, Broker&#8217;s es una marca con personalidad y un toque divertido. Los creadores Martin y Andy Dawson eligieron la imagen de un caballero, un corredor de bolsa arquet\u00edpico, para reflejar el hecho de que, hist\u00f3ricamente, Inglaterra es la cuna de la ginebra.<\/p>\n<p>Broker&#8217;s Gin, una receta de 200 a\u00f1os de antig\u00fcedad elaborada en una destiler\u00eda de 200 a\u00f1os de antig\u00fcedad con sede en Inglaterra, comienza con la tradici\u00f3n. Comienza con una receta que los fundadores originales pasaron cientos de a\u00f1os perfeccionando.<\/p>\n","protected":false},"excerpt":{"rendered":"<p>Broker&#8217;s Gin es una aut\u00e9ntica London dry elaborada en una destiler\u00eda de 200 a\u00f1os de antig\u00fcedad situada en el coraz\u00f3n de Inglaterra, utilizando un alambique de cobre tradicional. Los ingredientes bot\u00e1nicos de origen internacional se dejan macerar durante 24 horas en un aguardiente puro de grano destilado cuatro veces, que luego se destila por quinta vez. Con una receta tan antigua como la propia destiler\u00eda, esta c\u00e9lebre marca fue la primera ginebra que recibi\u00f3 una puntuaci\u00f3n de 97 en el prestigioso Ultimate Spirits Challenge.<\/p>\n","protected":false},"featured_media":903,"comment_status":"open","ping_status":"closed","template":"","meta":[],"product_brand":[],"product_cat":[53,73],"product_tag":[],"class_list":{"0":"post-921","1":"product","2":"type-product","3":"status-publish","4":"has-post-thumbnail","6":"product_cat-destilados","7":"product_cat-gin","9":"first","10":"instock","11":"shipping-taxable","12":"purchasable","13":"product-type-simple"},"_links":{"self":[{"href":"https:\/\/vinosycosas.com\/index.php\/wp-json\/wp\/v2\/product\/921"}],"collection":[{"href":"https:\/\/vinosycosas.com\/index.php\/wp-json\/wp\/v2\/product"}],"about":[{"href":"https:\/\/vinosycosas.com\/index.php\/wp-json\/wp\/v2\/types\/product"}],"replies":[{"embeddable":true,"href":"https:\/\/vinosycosas.com\/index.php\/wp-json\/wp\/v2\/comments?post=921"}],"wp:featuredmedia":[{"embeddable":true,"href":"https:\/\/vinosycosas.com\/index.php\/wp-json\/wp\/v2\/media\/903"}],"wp:attachment":[{"href":"https:\/\/vinosycosas.com\/index.php\/wp-json\/wp\/v2\/media?parent=921"}],"wp:term":[{"taxonomy":"product_brand","embeddable":true,"href":"https:\/\/vinosycosas.com\/index.php\/wp-json\/wp\/v2\/product_brand?post=921"},{"taxonomy":"product_cat","embeddable":true,"href":"https:\/\/vinosycosas.com\/index.php\/wp-json\/wp\/v2\/product_cat?post=921"},{"taxonomy":"product_tag","embeddable":true,"href":"https:\/\/vinosycosas.com\/index.php\/wp-json\/wp\/v2\/product_tag?post=921"}],"curies":[{"name":"wp","href":"https:\/\/api.w.org\/{rel}","templated":true}]}}