{"id":959,"date":"2024-08-21T17:33:26","date_gmt":"2024-08-21T20:33:26","guid":{"rendered":"https:\/\/vinosycosas.com\/?post_type=product&#038;p=959"},"modified":"2025-04-10T11:54:01","modified_gmt":"2025-04-10T14:54:01","slug":"isaias","status":"publish","type":"product","link":"https:\/\/vinosycosas.com\/index.php\/product\/isaias\/","title":{"rendered":"Viejo Isaias"},"content":{"rendered":"<p>Isa\u00ed\u00adas Hern\u00e1ndez fue un incansable trabajador de la vi\u00f1a y un apasionado del mundo del vino. Adem\u00e1s de su pasi\u00f3n por el vino se dedicaba al cultivo de rosas. La primer rosa de la temporada era un regalo para su esposa, como prueba de su amor que florec\u00eda todos los a\u00f1os. Isa\u00ed\u00adas fue una persona de excelentes cualidades, que siempre dio lo mejor de s\u00ed en cada aspecto de la vida. Estos vinos fueron hechos en su homenaje y mantienen vivos su esp\u00edritu y su legado.<\/p>\n<p>El proyecto de vinos de autor Viejos Isa\u00ed\u00adas nace en el a\u00f1o 1998, cuando el Licenciado en Enolog\u00ed\u00ada Rodrigo Manuel Romero inspirado en las bondades de su abuelo decide implantar vi\u00f1edos en la zona Perdriel, en la zona baja del r\u00ed\u00ado Mendoza en el departamento de Luj\u00e1n de Cuyo. Isa\u00ed\u00adas era un hombre de campo lleno de sabidur\u00eda y buenas virtudes, trabaj\u00f3 como vinicultor toda su vida y le dio a Rodrigo los conocimientos y virtudes para emprender este apasionante proyecto.<\/p>\n<p>Ubicada en el Departamento de Lujan de cuyo, sobre el costado sur del r\u00edo Mendoza alto, posee una superficie de 7 hect\u00e1reas cultivadas con vid, sobre un total de 13 hect\u00e1reas. Est\u00e1 comprendida dentro de la zona n\u00facleo de suelos para la producci\u00f3n de uvas de alta calidad. En todos los casos, el sistema de conducci\u00f3n es espaldero alto y el sistema de poda, es royal cord\u00f3n o cord\u00f3n pitoneado.<\/p>\n","protected":false},"excerpt":{"rendered":"<p>Isa\u00ed\u00adas Hern\u00e1ndez fue un incansable trabajador de la vi\u00f1a y un apasionado del mundo del vino. Adem\u00e1s de su pasi\u00f3n por el vino se dedicaba al cultivo de rosas. La primer rosa de la temporada era un regalo para su esposa, como prueba de su amor que florec\u00eda todos los a\u00f1os. Isa\u00ed\u00adas fue una persona [&hellip;]<\/p>\n","protected":false},"featured_media":978,"comment_status":"open","ping_status":"closed","template":"","meta":[],"product_brand":[],"product_cat":[24],"product_tag":[],"class_list":{"0":"post-959","1":"product","2":"type-product","3":"status-publish","4":"has-post-thumbnail","6":"product_cat-vinos","8":"first","9":"instock","10":"shipping-taxable","11":"purchasable","12":"product-type-variable"},"_links":{"self":[{"href":"https:\/\/vinosycosas.com\/index.php\/wp-json\/wp\/v2\/product\/959"}],"collection":[{"href":"https:\/\/vinosycosas.com\/index.php\/wp-json\/wp\/v2\/product"}],"about":[{"href":"https:\/\/vinosycosas.com\/index.php\/wp-json\/wp\/v2\/types\/product"}],"replies":[{"embeddable":true,"href":"https:\/\/vinosycosas.com\/index.php\/wp-json\/wp\/v2\/comments?post=959"}],"wp:featuredmedia":[{"embeddable":true,"href":"https:\/\/vinosycosas.com\/index.php\/wp-json\/wp\/v2\/media\/978"}],"wp:attachment":[{"href":"https:\/\/vinosycosas.com\/index.php\/wp-json\/wp\/v2\/media?parent=959"}],"wp:term":[{"taxonomy":"product_brand","embeddable":true,"href":"https:\/\/vinosycosas.com\/index.php\/wp-json\/wp\/v2\/product_brand?post=959"},{"taxonomy":"product_cat","embeddable":true,"href":"https:\/\/vinosycosas.com\/index.php\/wp-json\/wp\/v2\/product_cat?post=959"},{"taxonomy":"product_tag","embeddable":true,"href":"https:\/\/vinosycosas.com\/index.php\/wp-json\/wp\/v2\/product_tag?post=959"}],"curies":[{"name":"wp","href":"https:\/\/api.w.org\/{rel}","templated":true}]}}